{"id":31337,"date":"2026-04-05T15:57:52","date_gmt":"2026-04-05T13:57:52","guid":{"rendered":"https:\/\/360group.ai\/?page_id=31337"},"modified":"2026-04-27T20:44:46","modified_gmt":"2026-04-27T18:44:46","slug":"ai360starter","status":"publish","type":"page","link":"https:\/\/360group.ai\/en\/ai360starter\/","title":{"rendered":"AI360 Starter"},"content":{"rendered":"\n<div class=\"slider-wrapper relative\" id=\"slider-1680592964\" >\n    <div class=\"slider slider-nav-circle slider-nav-large slider-nav-light slider-style-normal\"\n        data-flickity-options='{\n            \"cellAlign\": \"center\",\n            \"imagesLoaded\": true,\n            \"lazyLoad\": 1,\n            \"freeScroll\": false,\n            \"wrapAround\": true,\n            \"autoPlay\": 6000,\n            \"pauseAutoPlayOnHover\" : true,\n            \"prevNextButtons\": true,\n            \"contain\" : true,\n            \"adaptiveHeight\" : true,\n            \"dragThreshold\" : 10,\n            \"percentPosition\": true,\n            \"pageDots\": true,\n            \"rightToLeft\": false,\n            \"draggable\": true,\n            \"selectedAttraction\": 0.1,\n            \"parallax\" : 0,\n            \"friction\": 0.6        }'\n        >\n        \n\n\n  <div class=\"banner has-hover\" id=\"banner-1325461309\">\n          <div class=\"banner-inner fill\">\n        <div class=\"banner-bg fill\" >\n            <img loading=\"lazy\" decoding=\"async\" width=\"1024\" height=\"1024\" src=\"https:\/\/360group.ai\/\/wp-content\/uploads\/bots-artificial-intelligence.png\" class=\"bg attachment-cover size-cover\" alt=\"- | -\" title=\"Servicios Profesionales de para Optimizar Tu Negocio -\">                                    \n                    <\/div>\n\t\t\n        <div class=\"banner-layers container\">\n            <div class=\"fill banner-link\"><\/div>            \n\n   <div id=\"text-box-366020195\" class=\"text-box banner-layer x50 md-x50 lg-x50 y50 md-y50 lg-y50 res-text\">\n                                <div class=\"text-box-content text dark\">\n              \n              <div class=\"text-inner text-center\">\n                  \n\n\t<div id=\"text-3622039967\" class=\"text\">\n\t\t\n\n<h1><span style=\"color: #ffffff; font-size: 75%;\">aiGPT3: Accessible AI for basic writing and conversation<\/span><\/h1>\n<p><span style=\"color: rgba(255, 255, 255, 0.85); font-size: 75%;\">An economical and efficient option for essential tasks: writing, summarizing and solving simple doubts. Try it out and speed up your day-to-day life. <\/span><\/span><\/p>\n\t\t\n<style>\n#text-3622039967 {\n  font-size: 0.75rem;\n  line-height: 1.6;\n}\n@media (min-width:550px) {\n  #text-3622039967 {\n    font-size: 0.9rem;\n  }\n}\n<\/style>\n\t<\/div>\n\t\n\t<div id=\"gap-1611646024\" class=\"gap-element clearfix\" style=\"display:block; height:auto;\">\n\t\t\n<style>\n#gap-1611646024 {\n  padding-top: 10px;\n}\n<\/style>\n\t<\/div>\n\t\n\n\n              <\/div>\n           <\/div>\n                            \n<style>\n#text-box-366020195 {\n  width: 100%;\n}\n#text-box-366020195 .text-box-content {\n  font-size: 100%;\n}\n@media (min-width:850px) {\n  #text-box-366020195 {\n    width: 100%;\n  }\n}\n<\/style>\n    <\/div>\n \n\n        <\/div>\n      <\/div>\n\n            \n<style>\n#banner-1325461309 {\n  padding-top: 240px;\n}\n#banner-1325461309 .banner-bg img {\n  object-position: 62% 62%;\n}\n@media (min-width:550px) {\n  #banner-1325461309 {\n    padding-top: 110px;\n  }\n}\n<\/style>\n  <\/div>\n\n\n\n     <\/div>\n\n     <div class=\"loading-spin dark large centered\"><\/div>\n\n\t<\/div>\n\n\n\t<div id=\"gap-859091393\" class=\"gap-element clearfix\" style=\"display:block; height:auto;\">\n\t\t\n<style>\n#gap-859091393 {\n  padding-top: 10px;\n}\n@media (min-width:550px) {\n  #gap-859091393 {\n    padding-top: 10px;\n  }\n}\n@media (min-width:850px) {\n  #gap-859091393 {\n    padding-top: 10px;\n  }\n}\n<\/style>\n\t<\/div>\n\t\n\n\n\t<section class=\"section\" id=\"section_2102821709\">\n\t\t<div class=\"section-bg fill\" >\n\t\t\t\t\t\t\t\t\t\n\t\t\t\n\n\t\t<\/div>\n\n\t\t\n\n\t\t<div class=\"section-content relative\">\n\t\t\t\n\n<div class=\"row align-center\"  id=\"row-883481980\">\n\n\n\t<div id=\"col-60335873\" class=\"col medium-11 small-12 large-11\"  >\n\t\t\t\t<div class=\"col-inner text-center\"  >\n\t\t\t\n\t\t\t\n\n\t<div id=\"text-673657766\" class=\"text\">\n\t\t\n\n<h2 id=\"ir-a-chat\" style=\"font-weight:800;margin:0;\">This is how <span style=\"background: linear-gradient(135deg, #00D4FF, #FF0080); -webkit-background-clip:text; -webkit-text-fill-color:transparent;\">aiGPT3<\/span> works with you<\/h2>\n\n\t\t\n<style>\n#text-673657766 {\n  font-size: 1.8rem;\n  text-align: center;\n}\n@media (min-width:850px) {\n  #text-673657766 {\n    font-size: 2.2rem;\n  }\n}\n<\/style>\n\t<\/div>\n\t\n\t<div id=\"gap-1448971835\" class=\"gap-element clearfix\" style=\"display:block; height:auto;\">\n\t\t\n<style>\n#gap-1448971835 {\n  padding-top: 15px;\n}\n<\/style>\n\t<\/div>\n\t\n\n\t<div id=\"text-108811462\" class=\"text\">\n\t\t\n\n<p>Write a simple request (an email, a summary or a question) and receive a quick and clear response.<\/p>\n\t\t\n<style>\n#text-108811462 {\n  font-size: 1.1rem;\n  text-align: center;\n  color: rgb(107, 114, 128);\n}\n#text-108811462 > * {\n  color: rgb(107, 114, 128);\n}\n<\/style>\n\t<\/div>\n\t\n\t<div id=\"text-4287651615\" class=\"text\">\n\t\t\n\n\n<p><a style=\"display: inline-block; width: 100%; max-width: 720px; text-decoration: none; border-radius: 14px; padding: 18px 22px; line-height: 1.15; background: linear-gradient(90deg,#1ecbff 0%,#ff2a8a 100%); box-shadow: 0 10px 18px rgba(0,0,0,0.18);\" href=\"https:\/\/360group.ai\/en\/subscriptions\/\"><span style=\"display: block; font-weight: bold; font-size: 20px; color: #ffffff; margin-bottom: 6px;\">&#x1f513; Desbloquea todo el Poder de la IA<\/span><span style=\"display: block; font-weight: 500; font-size: 14px; color: rgba(255,255,255,0.92);\">P\u00e1sate a Premium y elimina los l\u00edmites.<\/span><\/a><\/p>\n<p>\u00a1Transforma tu negocio con <strong>360 Group<\/strong>! Descubre c\u00f3mo nuestros <strong>bots de Inteligencia Artificial<\/strong> pueden revolucionar tu d\u00eda a d\u00eda.<\/p>\n<p style=\"margin-top: 12px; text-align: center;\"><a style=\"font-weight: 600; font-size: 15px; text-decoration: none; background: linear-gradient(90deg,#1ecbff 0%,#ff2a8a 100%); -webkit-background-clip: text; -webkit-text-fill-color: transparent;\" href=\"https:\/\/360group.ai\/en\/subscriptions\/\">Ver todos los planes \u2192<br \/><\/a><\/p>\n\n\n\t\t\n<style>\n#text-4287651615 {\n  text-align: center;\n}\n<\/style>\n\t<\/div>\n\t\n\t<div id=\"gap-1137541631\" class=\"gap-element clearfix\" style=\"display:block; height:auto;\">\n\t\t\n<style>\n#gap-1137541631 {\n  padding-top: 35px;\n}\n<\/style>\n\t<\/div>\n\t\n\n\n\t\t<\/div>\n\t\t\t\t\t<\/div>\n\n\t\n\n<\/div>\n<div class=\"row align-middle align-center\"  id=\"row-1696369235\">\n\n\n\t<div id=\"col-1117488101\" class=\"col medium-6 small-12 large-6\"  >\n\t\t\t\t<div class=\"col-inner text-center\"  >\n\t\t\t\n\t\t\t\n\n<div style=\"background:#fff;border-radius:20px;box-shadow:0 25px 50px rgba(0,0,0,0.15),0 0 40px rgba(0,212,255,0.2);padding:24px;max-width:520px;margin:0 auto;\">\n<div style=\"display:flex;align-items:center;gap:12px;padding-bottom:16px;border-bottom:1px solid #f3f4f6;margin-bottom:16px;\">\n<div style=\"width:48px;height:48px;background:linear-gradient(135deg,#00D4FF,#FF0080);border-radius:50%;display:flex;align-items:center;justify-content:center;font-size:1.5rem;\">&#x1f9e0;<\/div>\n<div>\n<div style=\"font-weight:600;font-size:1rem;\">aiGPT3<\/div>\n<div style=\"font-size:0.85rem;color:#22C55E;display:flex;align-items:center;gap:6px;\">\n        <span style=\"width:8px;height:8px;background:#22C55E;border-radius:50%;display:inline-block;\"><\/span> En l\u00ednea\n      <\/div>\n<\/p>\n<\/div>\n<\/div>\n<div style=\"display:flex;flex-direction:column;gap:12px;\">\n<div style=\"background:#f3f4f6;padding:12px 16px;border-radius:16px 16px 16px 4px;font-size:0.95rem;max-width:92%;\">Hola. Soy aiGPT3. Puedo ayudarte con redacci\u00f3n b\u00e1sica, res\u00famenes cortos y respuestas simples.<\/div>\n<div style=\"background:linear-gradient(135deg,#00D4FF,#FF0080);color:#fff;padding:12px 16px;border-radius:16px 16px 4px 16px;font-size:0.95rem;max-width:85%;align-self:flex-end;\">Redacta un email corto para pedir una reuni\u00f3n.<\/div>\n<div style=\"background:#f3f4f6;padding:12px 16px;border-radius:16px 16px 16px 4px;font-size:0.95rem;max-width:92%;\">Claro: dime a qui\u00e9n va dirigido y el objetivo, y te preparo un email breve y educado.<\/div>\n<div style=\"background:linear-gradient(135deg,#00D4FF,#FF0080);color:#fff;padding:12px 16px;border-radius:16px 16px 4px 16px;font-size:0.95rem;max-width:85%;align-self:flex-end;\">Resume este texto en 5 puntos clave.<\/div>\n<div style=\"background:#f3f4f6;padding:12px 16px;border-radius:16px 16px 16px 4px;font-size:0.95rem;max-width:92%;\">Perfecto: p\u00e9galo aqu\u00ed y te devuelvo un resumen breve y f\u00e1cil de leer.<\/div>\n<\/p>\n<\/div>\n<div style=\"display:flex;gap:8px;margin-top:16px;padding-top:16px;border-top:1px solid #f3f4f6;\">\n    <input type=\"text\" placeholder=\"Escribe aqu\u00ed lo que necesitas...\" style=\"flex:1;padding:12px 16px;border:1px solid #f3f4f6;border-radius:12px;font-size:0.95rem;\" readonly=\"\"><\/p>\n<div style=\"width:92px;height:44px;background:linear-gradient(135deg,#00D4FF,#FF0080);border-radius:12px;display:flex;align-items:center;justify-content:center;color:white;font-size:0.95rem;font-weight:600;\">ENVIAR<\/div>\n<\/p>\n<\/div>\n<\/div>\n\n\t\t<\/div>\n\t\t\t\t\t<\/div>\n\n\t\n\n\t<div id=\"col-1087582365\" class=\"col medium-6 small-12 large-6\"  >\n\t\t\t\t<div class=\"col-inner\"  >\n\t\t\t\n\t\t\t\n\n<div style=\"padding:20px;\">\n<h3 style=\"font-size:1.5rem;margin-bottom:22px;color:#23282d;\">IA econ\u00f3mica y eficiente para necesidades esenciales<\/h3>\n<div style=\"display:flex;gap:15px;align-items:flex-start;margin-bottom:22px;\">\n<div style=\"min-width:40px;height:40px;background:linear-gradient(135deg,#00D4FF,#FF0080);border-radius:10px;display:flex;align-items:center;justify-content:center;font-size:1.2rem;\">&#x270d;&#xfe0f;<\/div>\n<div>\n<h4 style=\"font-size:1.1rem;margin:0 0 5px 0;color:#23282d;\">Redacci\u00f3n y edici\u00f3n b\u00e1sica<\/h4>\n<p style=\"color:#6B7280;margin:0;font-size:0.95rem;\">Emails, notas, descripciones cortas y textos simples para comunicaci\u00f3n cotidiana.<\/p>\n<\/p>\n<\/div>\n<\/div>\n<div style=\"display:flex;gap:15px;align-items:flex-start;margin-bottom:22px;\">\n<div style=\"min-width:40px;height:40px;background:linear-gradient(135deg,#00D4FF,#FF0080);border-radius:10px;display:flex;align-items:center;justify-content:center;font-size:1.2rem;\">&#x1f4ac;<\/div>\n<div>\n<h4 style=\"font-size:1.1rem;margin:0 0 5px 0;color:#23282d;\">Conversaci\u00f3n y respuestas simples<\/h4>\n<p style=\"color:#6B7280;margin:0;font-size:0.95rem;\">Resuelve dudas generales y mantiene di\u00e1logos sencillos para apoyo diario.<\/p>\n<\/p>\n<\/div>\n<\/div>\n<div style=\"display:flex;gap:15px;align-items:flex-start;margin-bottom:22px;\">\n<div style=\"min-width:40px;height:40px;background:linear-gradient(135deg,#00D4FF,#FF0080);border-radius:10px;display:flex;align-items:center;justify-content:center;font-size:1.2rem;\">&#x1f9fe;<\/div>\n<div>\n<h4 style=\"font-size:1.1rem;margin:0 0 5px 0;color:#23282d;\">Resumen y s\u00edntesis b\u00e1sica<\/h4>\n<p style=\"color:#6B7280;margin:0;font-size:0.95rem;\">Condensa textos cortos y extrae ideas principales en pocos puntos clave.<\/p>\n<\/p>\n<\/div>\n<\/div>\n<div style=\"display:flex;gap:15px;align-items:flex-start;\">\n<div style=\"min-width:40px;height:40px;background:linear-gradient(135deg,#00D4FF,#FF0080);border-radius:10px;display:flex;align-items:center;justify-content:center;font-size:1.2rem;\">&#x2705;<\/div>\n<div>\n<h4 style=\"font-size:1.1rem;margin:0 0 5px 0;color:#23282d;\">Apoyo en tareas cotidianas<\/h4>\n<p style=\"color:#6B7280;margin:0;font-size:0.95rem;\">Listas, recordatorios y sugerencias simples para organizaci\u00f3n personal y rutina.<\/p>\n<\/p>\n<\/div>\n<\/div>\n<\/div>\n\n\t\t<\/div>\n\t\t\t\t\t<\/div>\n\n\t\n\n<\/div>\n\n\t\t<\/div>\n\n\t\t\n<style>\n#section_2102821709 {\n  padding-top: 45px;\n  padding-bottom: 45px;\n  background-color: #ffffff;\n}\n@media (min-width:850px) {\n  #section_2102821709 {\n    padding-top: 30px;\n    padding-bottom: 30px;\n  }\n}\n<\/style>\n\t<\/section>\n\t\n\n\t<section class=\"section\" id=\"section_459860378\">\n\t\t<div class=\"section-bg fill\" >\n\t\t\t\t\t\t\t\t\t\n\t\t\t\n\n\t\t<\/div>\n\n\t\t\n\n\t\t<div class=\"section-content relative\">\n\t\t\t\n\n<div class=\"row align-center\"  id=\"row-951362376\">\n\n\n\t<div id=\"col-1908685231\" class=\"col medium-11 small-12 large-11\"  >\n\t\t\t\t<div class=\"col-inner text-center\"  >\n\t\t\t\n\t\t\t\n\n\t<div id=\"text-3770652990\" class=\"text\">\n\t\t\n\n<h2 style=\"font-weight:800;margin:0;\">Main capabilities of <span style=\"background: linear-gradient(135deg, #00D4FF, #FF0080); -webkit-background-clip:text; -webkit-text-fill-color:transparent;\">aiGPT3<\/span><\/h2>\n\t\t\n<style>\n#text-3770652990 {\n  font-size: 1.8rem;\n  text-align: center;\n}\n@media (min-width:850px) {\n  #text-3770652990 {\n    font-size: 2.2rem;\n  }\n}\n<\/style>\n\t<\/div>\n\t\n\t<div id=\"gap-1218682629\" class=\"gap-element clearfix\" style=\"display:block; height:auto;\">\n\t\t\n<style>\n#gap-1218682629 {\n  padding-top: 15px;\n}\n<\/style>\n\t<\/div>\n\t\n\n\t<div id=\"text-3727186875\" class=\"text\">\n\t\t\n\n<p>Essential functionalities for better typing, quick responses, and complex task organization.<\/p>\n\t\t\n<style>\n#text-3727186875 {\n  font-size: 1.1rem;\n  text-align: center;\n  color: rgb(107, 114, 128);\n}\n#text-3727186875 > * {\n  color: rgb(107, 114, 128);\n}\n<\/style>\n\t<\/div>\n\t\n\t<div id=\"gap-1418857297\" class=\"gap-element clearfix\" style=\"display:block; height:auto;\">\n\t\t\n<style>\n#gap-1418857297 {\n  padding-top: 45px;\n}\n<\/style>\n\t<\/div>\n\t\n\n\n\t\t<\/div>\n\t\t\t\t\t<\/div>\n\n\t\n\n<\/div>\n<div class=\"row align-center\"  id=\"row-1015916994\">\n\n\n\t<div id=\"col-900479286\" class=\"col medium-4 small-12 large-4\"  >\n\t\t\t\t<div class=\"col-inner\"  >\n\t\t\t\n\t\t\t\n\n<div style=\"background:#fff;padding:34px 26px;border-radius:20px;box-shadow:0 4px 15px rgba(0,0,0,0.08);text-align:center;height:100%;\">\n<div style=\"width:74px;height:74px;background:linear-gradient(135deg,#00D4FF,#9B59B6,#FF0080);border-radius:16px;display:flex;align-items:center;justify-content:center;font-size:2rem;margin:0 auto 18px;\">&#x2709;&#xfe0f;<\/div>\n<h3 style=\"font-size:1.25rem;margin-bottom:10px;color:#23282d;\">Emails and short texts<\/h3>\n<p style=\"color:#6B7280;margin:0;font-size:1rem;\">Quick drafts for simple, professional communication.<\/p>\n<\/p>\n<\/div>\n\n\t\t<\/div>\n\t\t\t\t\n<style>\n#col-900479286 > .col-inner {\n  padding: 15px;\n}\n<\/style>\n\t<\/div>\n\n\t\n\n\t<div id=\"col-1021562043\" class=\"col medium-4 small-12 large-4\"  >\n\t\t\t\t<div class=\"col-inner\"  >\n\t\t\t\n\t\t\t\n\n<div style=\"background:#fff;padding:34px 26px;border-radius:20px;box-shadow:0 4px 15px rgba(0,0,0,0.08);text-align:center;height:100%;\">\n<div style=\"width:74px;height:74px;background:linear-gradient(135deg,#00D4FF,#9B59B6,#FF0080);border-radius:16px;display:flex;align-items:center;justify-content:center;font-size:2rem;margin:0 auto 18px;\">&#x1f4ac;<\/div>\n<h3 style=\"font-size:1.25rem;margin-bottom:10px;color:#23282d;\">Conversaci\u00f3n b\u00e1sica<\/h3>\n<p style=\"color:#6B7280;margin:0;font-size:1rem;\">Respuestas simples para dudas generales y apoyo diario.<\/p>\n<\/p>\n<\/div>\n\n\t\t<\/div>\n\t\t\t\t\n<style>\n#col-1021562043 > .col-inner {\n  padding: 15px;\n}\n<\/style>\n\t<\/div>\n\n\t\n\n\t<div id=\"col-923218112\" class=\"col medium-4 small-12 large-4\"  >\n\t\t\t\t<div class=\"col-inner\"  >\n\t\t\t\n\t\t\t\n\n<div style=\"background:#fff;padding:34px 26px;border-radius:20px;box-shadow:0 4px 15px rgba(0,0,0,0.08);text-align:center;height:100%;\">\n<div style=\"width:74px;height:74px;background:linear-gradient(135deg,#00D4FF,#9B59B6,#FF0080);border-radius:16px;display:flex;align-items:center;justify-content:center;font-size:2rem;margin:0 auto 18px;\">&#x1f9fe;<\/div>\n<h3 style=\"font-size:1.25rem;margin-bottom:10px;color:#23282d;\">Res\u00famenes breves<\/h3>\n<p style=\"color:#6B7280;margin:0;font-size:1rem;\">Ideas principales y puntos clave de textos cortos.<\/p>\n<\/p>\n<\/div>\n\n\t\t<\/div>\n\t\t\t\t\n<style>\n#col-923218112 > .col-inner {\n  padding: 15px;\n}\n<\/style>\n\t<\/div>\n\n\t\n\n<\/div>\n<div class=\"row align-center\"  id=\"row-663108442\">\n\n\n\t<div id=\"col-579892525\" class=\"col medium-4 small-12 large-4\"  >\n\t\t\t\t<div class=\"col-inner\"  >\n\t\t\t\n\t\t\t\n\n<div style=\"background:#fff;padding:34px 26px;border-radius:20px;box-shadow:0 4px 15px rgba(0,0,0,0.08);text-align:center;height:100%;\">\n<div style=\"width:74px;height:74px;background:linear-gradient(135deg,#00D4FF,#9B59B6,#FF0080);border-radius:16px;display:flex;align-items:center;justify-content:center;font-size:2rem;margin:0 auto 18px;\">&#x1f4dd;<\/div>\n<h3 style=\"font-size:1.25rem;margin-bottom:10px;color:#23282d;\">Edici\u00f3n sencilla<\/h3>\n<p style=\"color:#6B7280;margin:0;font-size:1rem;\">Corrige y mejora tono en textos simples con cambios r\u00e1pidos.<\/p>\n<\/p>\n<\/div>\n\n\t\t<\/div>\n\t\t\t\t\n<style>\n#col-579892525 > .col-inner {\n  padding: 15px;\n}\n<\/style>\n\t<\/div>\n\n\t\n\n\t<div id=\"col-569205482\" class=\"col medium-4 small-12 large-4\"  >\n\t\t\t\t<div class=\"col-inner\"  >\n\t\t\t\n\t\t\t\n\n<div style=\"background:#fff;padding:34px 26px;border-radius:20px;box-shadow:0 4px 15px rgba(0,0,0,0.08);text-align:center;height:100%;\">\n<div style=\"width:74px;height:74px;background:linear-gradient(135deg,#00D4FF,#9B59B6,#FF0080);border-radius:16px;display:flex;align-items:center;justify-content:center;font-size:2rem;margin:0 auto 18px;\">&#x2705;<\/div>\n<h3 style=\"font-size:1.25rem;margin-bottom:10px;color:#23282d;\">Lists and organization<\/h3>\n<p style=\"color:#6B7280;margin:0;font-size:1rem;\">Lists, reminders and easy day-to-day planning.<\/p>\n<\/p>\n<\/div>\n\n\t\t<\/div>\n\t\t\t\t\n<style>\n#col-569205482 > .col-inner {\n  padding: 15px;\n}\n<\/style>\n\t<\/div>\n\n\t\n\n\t<div id=\"col-780071496\" class=\"col medium-4 small-12 large-4\"  >\n\t\t\t\t<div class=\"col-inner\"  >\n\t\t\t\n\t\t\t\n\n<div style=\"background:#fff;padding:34px 26px;border-radius:20px;box-shadow:0 4px 15px rgba(0,0,0,0.08);text-align:center;height:100%;\">\n<div style=\"width:74px;height:74px;background:linear-gradient(135deg,#00D4FF,#9B59B6,#FF0080);border-radius:16px;display:flex;align-items:center;justify-content:center;font-size:2rem;margin:0 auto 18px;\">&#x1f4b0;<\/div>\n<h3 style=\"font-size:1.25rem;margin-bottom:10px;color:#23282d;\">Opci\u00f3n econ\u00f3mica<\/h3>\n<p style=\"color:#6B7280;margin:0;font-size:1rem;\">Pensado para necesidades esenciales sin funciones avanzadas.<\/p>\n<\/p>\n<\/div>\n\n\t\t<\/div>\n\t\t\t\t\n<style>\n#col-780071496 > .col-inner {\n  padding: 15px;\n}\n<\/style>\n\t<\/div>\n\n\t\n\n<\/div>\n\n\t\t<\/div>\n\n\t\t\n<style>\n#section_459860378 {\n  padding-top: 45px;\n  padding-bottom: 45px;\n  background-color: #f9fafb;\n}\n@media (min-width:850px) {\n  #section_459860378 {\n    padding-top: 70px;\n    padding-bottom: 70px;\n  }\n}\n<\/style>\n\t<\/section>\n\t\n\n\t<section class=\"section\" id=\"section_1838044799\">\n\t\t<div class=\"section-bg fill\" >\n\t\t\t\t\t\t\t\t\t\n\t\t\t\n\n\t\t<\/div>\n\n\t\t\n\n\t\t<div class=\"section-content relative\">\n\t\t\t\n\n<div class=\"row align-center\"  id=\"row-2062341424\">\n\n\n\t<div id=\"col-1233942307\" class=\"col medium-10 small-12 large-10\"  >\n\t\t\t\t<div class=\"col-inner text-center\"  >\n\t\t\t\n\t\t\t\n\n\t<div id=\"text-2574976050\" class=\"text\">\n\t\t\n\n<h2 style=\"font-weight:800;margin:0;color:#fff;\">Ready to try <span style=\"background: linear-gradient(135deg, #00D4FF, #FF0080); -webkit-background-clip:text; -webkit-text-fill-color:transparent;\">aiGPT3<\/span>?<\/h2>\n\t\t\n<style>\n#text-2574976050 {\n  font-size: 1.7rem;\n  text-align: center;\n}\n@media (min-width:850px) {\n  #text-2574976050 {\n    font-size: 2.1rem;\n  }\n}\n<\/style>\n\t<\/div>\n\t\n\t<div id=\"gap-1606322761\" class=\"gap-element clearfix\" style=\"display:block; height:auto;\">\n\t\t\n<style>\n#gap-1606322761 {\n  padding-top: 12px;\n}\n<\/style>\n\t<\/div>\n\t\n\n\t<div id=\"text-1807832763\" class=\"text\">\n\t\t\n\n<p style=\"color:rgba(255,255,255,0.7);\">Start with a simple task: an email, a short summary, or a general question. You&#8217;ll get a quick and helpful response. <\/p>\n\t\t\n<style>\n#text-1807832763 {\n  font-size: 1.1rem;\n  text-align: center;\n}\n<\/style>\n\t<\/div>\n\t\n\t<div id=\"gap-2129669521\" class=\"gap-element clearfix\" style=\"display:block; height:auto;\">\n\t\t\n<style>\n#gap-2129669521 {\n  padding-top: 25px;\n}\n<\/style>\n\t<\/div>\n\t\n\n<a href=\"#ir-a-chat\" class=\"button white is-large lowercase\" >\n\t\t<span>&amp;#x1f449; COMENZAR<\/span>\n\t<\/a>\n\n\n\n\t\t<\/div>\n\t\t\t\t\t<\/div>\n\n\t\n\n<\/div>\n\n\t\t<\/div>\n\n\t\t\n<style>\n#section_1838044799 {\n  padding-top: 45px;\n  padding-bottom: 45px;\n  background-color: rgb(26, 26, 46);\n}\n@media (min-width:850px) {\n  #section_1838044799 {\n    padding-top: 70px;\n    padding-bottom: 70px;\n  }\n}\n<\/style>\n\t<\/section>\n\t\n\n\t<section class=\"section\" id=\"section_1881538615\">\n\t\t<div class=\"section-bg fill\" >\n\t\t\t\t\t\t\t\t\t\n\t\t\t\n\n\t\t<\/div>\n\n\t\t\n\n\t\t<div class=\"section-content relative\">\n\t\t\t\n\n<div class=\"row align-center\"  id=\"row-1104322159\">\n\n\n\t<div id=\"col-464449209\" class=\"col medium-11 small-12 large-11\"  >\n\t\t\t\t<div class=\"col-inner text-center\"  >\n\t\t\t\n\t\t\t\n\n\t<div id=\"text-2272956074\" class=\"text\">\n\t\t\n\n<h2 style=\"font-weight:800;margin:0;\">Conclusions: when to choose <span style=\"background: linear-gradient(135deg, #00D4FF, #FF0080); -webkit-background-clip:text; -webkit-text-fill-color:transparent;\">aiGPT3<\/span><\/h2>\n\t\t\n<style>\n#text-2272956074 {\n  font-size: 1.8rem;\n  text-align: center;\n}\n@media (min-width:850px) {\n  #text-2272956074 {\n    font-size: 2.2rem;\n  }\n}\n<\/style>\n\t<\/div>\n\t\n\t<div id=\"gap-1428561527\" class=\"gap-element clearfix\" style=\"display:block; height:auto;\">\n\t\t\n<style>\n#gap-1428561527 {\n  padding-top: 15px;\n}\n<\/style>\n\t<\/div>\n\t\n\n\t<div id=\"text-3850159199\" class=\"text\">\n\t\t\n\n<p>If you want simple and accessible AI for everyday tasks without complexity, aiGPT3 is the ideal choice to start with.<\/p>\n\t\t\n<style>\n#text-3850159199 {\n  font-size: 1.1rem;\n  text-align: center;\n  color: rgb(107, 114, 128);\n}\n#text-3850159199 > * {\n  color: rgb(107, 114, 128);\n}\n<\/style>\n\t<\/div>\n\t\n\t<div id=\"gap-855500399\" class=\"gap-element clearfix\" style=\"display:block; height:auto;\">\n\t\t\n<style>\n#gap-855500399 {\n  padding-top: 35px;\n}\n<\/style>\n\t<\/div>\n\t\n\n\n\t\t<\/div>\n\t\t\t\t\t<\/div>\n\n\t\n\n<\/div>\n<div class=\"row align-center\"  id=\"row-625524660\">\n\n\n\t<div id=\"col-520662389\" class=\"col medium-10 small-12 large-10\"  >\n\t\t\t\t<div class=\"col-inner\"  >\n\t\t\t\n\t\t\t\n\n<ul>\n<li><strong>Ideal for:<\/strong> simple writing, basic conversation, short summaries, and personal organization.<\/li>\n<li><strong>Better fit:<\/strong> users who prioritize cost and ease of use.<\/li>\n<li><strong>Next step:<\/strong> try 3 tasks: (1) a short email, (2) a 5-point summary, (3) a list of actions for your week.<\/li>\n<\/ul>\n<p><em>aiGPT3: essential artificial intelligence for everyday life.<\/em><\/p>\n\n\t\t<\/div>\n\t\t\t\t\t<\/div>\n\n\t\n\n<\/div>\n\n\t\t<\/div>\n\n\t\t\n<style>\n#section_1881538615 {\n  padding-top: 45px;\n  padding-bottom: 45px;\n  background-color: #ffffff;\n}\n@media (min-width:850px) {\n  #section_1881538615 {\n    padding-top: 70px;\n    padding-bottom: 70px;\n  }\n}\n<\/style>\n\t<\/section>\n\t\n\n","protected":false},"excerpt":{"rendered":"","protected":false},"author":1002404,"featured_media":0,"parent":0,"menu_order":0,"comment_status":"closed","ping_status":"closed","template":"page-blank.php","meta":{"pmpro_default_level":"","footnotes":""},"class_list":["post-31337","page","type-page","status-publish","hentry","pmpro-has-access"],"_links":{"self":[{"href":"https:\/\/360group.ai\/en\/wp-json\/wp\/v2\/pages\/31337","targetHints":{"allow":["GET"]}}],"collection":[{"href":"https:\/\/360group.ai\/en\/wp-json\/wp\/v2\/pages"}],"about":[{"href":"https:\/\/360group.ai\/en\/wp-json\/wp\/v2\/types\/page"}],"author":[{"embeddable":true,"href":"https:\/\/360group.ai\/en\/wp-json\/wp\/v2\/users\/1002404"}],"replies":[{"embeddable":true,"href":"https:\/\/360group.ai\/en\/wp-json\/wp\/v2\/comments?post=31337"}],"version-history":[{"count":5,"href":"https:\/\/360group.ai\/en\/wp-json\/wp\/v2\/pages\/31337\/revisions"}],"predecessor-version":[{"id":31343,"href":"https:\/\/360group.ai\/en\/wp-json\/wp\/v2\/pages\/31337\/revisions\/31343"}],"wp:attachment":[{"href":"https:\/\/360group.ai\/en\/wp-json\/wp\/v2\/media?parent=31337"}],"curies":[{"name":"wp","href":"https:\/\/api.w.org\/{rel}","templated":true}]}}