{"id":27651,"date":"2025-02-11T08:36:45","date_gmt":"2025-02-11T07:36:45","guid":{"rendered":"https:\/\/360group.es\/?page_id=27651"},"modified":"2026-04-28T04:17:43","modified_gmt":"2026-04-28T02:17:43","slug":"aicodethemes","status":"publish","type":"page","link":"https:\/\/360group.ai\/en\/aicodethemes\/","title":{"rendered":"aiCodeThemes"},"content":{"rendered":"\n<div class=\"slider-wrapper relative\" id=\"slider-1705795862\" >\n    <div class=\"slider slider-nav-circle slider-nav-large slider-nav-light slider-style-normal\"\n        data-flickity-options='{\n            \"cellAlign\": \"center\",\n            \"imagesLoaded\": true,\n            \"lazyLoad\": 1,\n            \"freeScroll\": false,\n            \"wrapAround\": true,\n            \"autoPlay\": 6000,\n            \"pauseAutoPlayOnHover\" : true,\n            \"prevNextButtons\": true,\n            \"contain\" : true,\n            \"adaptiveHeight\" : true,\n            \"dragThreshold\" : 10,\n            \"percentPosition\": true,\n            \"pageDots\": true,\n            \"rightToLeft\": false,\n            \"draggable\": true,\n            \"selectedAttraction\": 0.1,\n            \"parallax\" : 0,\n            \"friction\": 0.6        }'\n        >\n        \n\n\n  <div class=\"banner has-hover\" id=\"banner-1607152500\">\n          <div class=\"banner-inner fill\">\n        <div class=\"banner-bg fill\" >\n            <img loading=\"lazy\" decoding=\"async\" width=\"1024\" height=\"1024\" src=\"https:\/\/360group.ai\/\/wp-content\/uploads\/bots-artificial-intelligence.png\" class=\"bg attachment-cover size-cover\" alt=\"- | -\" title=\"Servicios Profesionales de para Optimizar Tu Negocio -\">                                    \n                    <\/div>\n\t\t\n        <div class=\"banner-layers container\">\n            <div class=\"fill banner-link\"><\/div>            \n\n   <div id=\"text-box-1589621147\" class=\"text-box banner-layer x50 md-x50 lg-x50 y50 md-y50 lg-y50 res-text\">\n                                <div class=\"text-box-content text dark\">\n              \n              <div class=\"text-inner text-center\">\n                  \n\n\t<div id=\"text-130280485\" class=\"text\">\n\t\t\n\n<h1><span style=\"color: #ffffff; font-size: 75%;\">aiCodeThemes: support for themes, web design and customization<\/span><\/h1>\n<p><span style=\"color: rgba(255, 255, 255, 0.85); font-size: 75%;\">A tool to work on structure, adjustments, snippets and customizations of themes with more clarity and better technical approach.<\/span><\/p>\n\t\t\n<style>\n#text-130280485 {\n  font-size: 0.75rem;\n  line-height: 1.6;\n}\n@media (min-width:550px) {\n  #text-130280485 {\n    font-size: 0.8rem;\n  }\n}\n<\/style>\n\t<\/div>\n\t\n\t<div id=\"gap-259037383\" class=\"gap-element clearfix\" style=\"display:block; height:auto;\">\n\t\t\n<style>\n#gap-259037383 {\n  padding-top: 10px;\n}\n<\/style>\n\t<\/div>\n\t\n\n              <\/div>\n           <\/div>\n                            \n<style>\n#text-box-1589621147 {\n  width: 100%;\n}\n#text-box-1589621147 .text-box-content {\n  font-size: 100%;\n}\n@media (min-width:850px) {\n  #text-box-1589621147 {\n    width: 100%;\n  }\n}\n<\/style>\n    <\/div>\n \n\n        <\/div>\n      <\/div>\n\n            \n<style>\n#banner-1607152500 {\n  padding-top: 240px;\n}\n#banner-1607152500 .banner-bg img {\n  object-position: 62% 62%;\n}\n@media (min-width:550px) {\n  #banner-1607152500 {\n    padding-top: 110px;\n  }\n}\n<\/style>\n  <\/div>\n\n\n\n     <\/div>\n\n     <div class=\"loading-spin dark large centered\"><\/div>\n\n\t<\/div>\n\n\n\n\n\n\n\t<div id=\"gap-1927863886\" class=\"gap-element clearfix\" style=\"display:block; height:auto;\">\n\t\t\n<style>\n#gap-1927863886 {\n  padding-top: 10px;\n}\n@media (min-width:550px) {\n  #gap-1927863886 {\n    padding-top: 10px;\n  }\n}\n@media (min-width:850px) {\n  #gap-1927863886 {\n    padding-top: 10px;\n  }\n}\n<\/style>\n\t<\/div>\n\t\n\n\n\t<section class=\"section\" id=\"section_673042813\">\n\t\t<div class=\"section-bg fill\" >\n\t\t\t\t\t\t\t\t\t\n\t\t\t\n\n\t\t<\/div>\n\n\t\t\n\n\t\t<div class=\"section-content relative\">\n\t\t\t\n\n<div class=\"row align-center\"  id=\"row-1311463498\">\n\n\n\t<div id=\"col-1694113609\" class=\"col medium-10 small-12 large-10\"  >\n\t\t\t\t<div class=\"col-inner text-center\"  >\n\t\t\t\n\t\t\t\n\n\t<div id=\"text-3498759059\" class=\"text\">\n\t\t\n\n<h2 id=\"ir-a-chat\" style=\"font-weight:800;margin:0;\">This is how <span style=\"background: linear-gradient(135deg, #00D4FF, #FF0080); -webkit-background-clip:text; -webkit-text-fill-color:transparent;\">aiCodeThemes<\/span> boosts your customization work<\/h2>\n\t\t\n<style>\n#text-3498759059 {\n  font-size: 1.8rem;\n  text-align: center;\n}\n@media (min-width:850px) {\n  #text-3498759059 {\n    font-size: 2.2rem;\n  }\n}\n<\/style>\n\t<\/div>\n\t\n\t<div id=\"gap-448846982\" class=\"gap-element clearfix\" style=\"display:block; height:auto;\">\n\t\t\n<style>\n#gap-448846982 {\n  padding-top: 15px;\n}\n<\/style>\n\t<\/div>\n\t\n\n\t<div id=\"text-2679757963\" class=\"text\">\n\t\t\n\n<p>aiCodeThemes helps you solve theme tweaks, visual improvements, and technical tasks related to templates and layout with a clearer foundation.<\/p>\n\t\t\n<style>\n#text-2679757963 {\n  font-size: 1.1rem;\n  text-align: center;\n  color: rgb(107, 114, 128);\n}\n#text-2679757963 > * {\n  color: rgb(107, 114, 128);\n}\n<\/style>\n\t<\/div>\n\t\n\t<div id=\"text-217609053\" class=\"text\">\n\t\t\n\n<p><a style=\"display: inline-block; width: 100%; max-width: 720px; text-decoration: none; border-radius: 14px; padding: 18px 22px; line-height: 1.15; background: linear-gradient(90deg,#1ecbff 0%,#ff2a8a 100%); box-shadow: 0 10px 18px rgba(0,0,0,0.18);\" href=\"https:\/\/360group.ai\/cuenta-de-membresia\/pago-de-membresia\/?pmpro_level=5\"><span style=\"display: block; font-weight: bold; font-size: 20px; color: #ffffff; margin-bottom: 6px;\">&#x1f513; Desbloquea aiCodeThemes<\/span><span style=\"display: block; font-weight: 500; font-size: 14px; color: rgba(255,255,255,0.92);\">Activa el plan Enterprise y accede a una IA m\u00e1s potente para tu empresa.<\/span><\/a><\/p>\n<p>Da un paso m\u00e1s con <strong>360 Group<\/strong> y descubre c\u00f3mo una <strong>inteligencia artificial avanzada<\/strong> puede ayudarte a trabajar mejor, decidir mejor y ejecutar con m\u00e1s criterio.<\/p>\n<p style=\"margin-top: 12px; text-align: center;\"><a style=\"font-weight: 600; font-size: 15px; text-decoration: none; background: linear-gradient(90deg,#1ecbff 0%,#ff2a8a 100%); -webkit-background-clip: text; -webkit-text-fill-color: transparent;\" href=\"https:\/\/360group.ai\/suscripciones\/\">Ver todos los planes \u2192<br \/><\/a><\/p>\n\t\t\n<style>\n#text-217609053 {\n  text-align: center;\n}\n<\/style>\n\t<\/div>\n\t\n\t<div id=\"gap-1283617117\" class=\"gap-element clearfix\" style=\"display:block; height:auto;\">\n\t\t\n<style>\n#gap-1283617117 {\n  padding-top: 35px;\n}\n<\/style>\n\t<\/div>\n\t\n\n\t\t<\/div>\n\t\t\t\t\t<\/div>\n\n\t\n\n<\/div>\n<div class=\"row align-middle align-center\"  id=\"row-1419876541\">\n\n\n\t<div id=\"col-1821199296\" class=\"col medium-6 small-12 large-6\"  >\n\t\t\t\t<div class=\"col-inner text-center\"  >\n\t\t\t\n\t\t\t\n\n<div style=\"background:#fff;border-radius:20px;box-shadow:0 25px 50px rgba(0,0,0,0.15),0 0 40px rgba(0,212,255,0.2);padding:24px;max-width:520px;margin:0 auto;\">\n<div style=\"display:flex;align-items:center;gap:12px;padding-bottom:16px;border-bottom:1px solid #f3f4f6;margin-bottom:16px;\">\n<div style=\"width:48px;height:48px;background:linear-gradient(135deg,#00D4FF,#FF0080);border-radius:50%;display:flex;align-items:center;justify-content:center;font-size:1.5rem;\">&#x1f3a8;<\/div>\n<div>\n<div style=\"font-weight:600;font-size:1rem;\">aiCodeThemes<\/div>\n<div style=\"font-size:0.85rem;color:#22C55E;display:flex;align-items:center;gap:6px;\">\n<span style=\"width:8px;height:8px;background:#22C55E;border-radius:50%;display:inline-block;\"><\/span> Disponible\n<\/div>\n<\/div>\n<\/div>\n<div style=\"display:flex;flex-direction:column;gap:12px;\">\n<div style=\"background:#f3f4f6;padding:12px 16px;border-radius:16px 16px 16px 4px;font-size:0.95rem;max-width:92%;\">Empieza con una base preparada para personalizar temas, resolver ajustes y avanzar cambios t\u00e9cnicos con m\u00e1s claridad.<\/div>\n<div style=\"background:linear-gradient(135deg,#00D4FF,#FF0080);color:#fff;padding:12px 16px;border-radius:16px 16px 4px 16px;font-size:0.95rem;max-width:85%;align-self:flex-end;\">Quiero adaptar plantillas y resolver ajustes visuales y t\u00e9cnicos sin bloquearme.<\/div>\n<div style=\"background:#f3f4f6;padding:12px 16px;border-radius:16px 16px 16px 4px;font-size:0.95rem;max-width:92%;\">aiCodeThemes est\u00e1 pensado para eso: ayudarte a convertir necesidades de tema en cambios m\u00e1s claros y ejecutables.<\/div>\n<div style=\"background:linear-gradient(135deg,#00D4FF,#FF0080);color:#fff;padding:12px 16px;border-radius:16px 16px 4px 16px;font-size:0.95rem;max-width:85%;align-self:flex-end;\">Tambi\u00e9n necesito una base \u00fatil para revisar estructura y compatibilidad.<\/div>\n<div style=\"background:#f3f4f6;padding:12px 16px;border-radius:16px 16px 16px 4px;font-size:0.95rem;max-width:92%;\">Perfecto: aiCodeThemes te ayuda a ordenar cambios, validar enfoques y avanzar con m\u00e1s criterio t\u00e9cnico.<\/div>\n<\/div>\n<div style=\"display:flex;gap:8px;margin-top:16px;padding-top:16px;border-top:1px solid #f3f4f6;\">\n<input type=\"text\" placeholder=\"Empieza a trabajar temas con IA...\" style=\"flex:1;padding:12px 16px;border:1px solid #f3f4f6;border-radius:12px;font-size:0.95rem;\" readonly=\"\" \/>\n<div style=\"width:92px;height:44px;background:linear-gradient(135deg,#00D4FF,#FF0080);border-radius:12px;display:flex;align-items:center;justify-content:center;color:white;font-size:0.95rem;font-weight:600;\">DISE\u00d1AR<\/div>\n<\/div>\n<\/div>\n\n\t\t<\/div>\n\t\t\t\t\t<\/div>\n\n\t\n\n\t<div id=\"col-1964857987\" class=\"col medium-6 small-12 large-6\"  >\n\t\t\t\t<div class=\"col-inner\"  >\n\t\t\t\n\t\t\t\n\n<div style=\"padding:20px;\">\n<h3 style=\"font-size:1.5rem;margin-bottom:22px;color:#23282d;\">\u00bfQu\u00e9 te ofrece aiCodeThemes?<\/h3>\n<div style=\"display:flex;gap:15px;align-items:flex-start;margin-bottom:22px;\">\n<div style=\"min-width:40px;height:40px;background:linear-gradient(135deg,#00D4FF,#FF0080);border-radius:10px;display:flex;align-items:center;justify-content:center;font-size:1.2rem;\">&#x1f3a8;<\/div>\n<div>\n<h4 style=\"font-size:1.1rem;margin:0 0 5px 0;color:#23282d;\">M\u00e1s control visual y t\u00e9cnico<\/h4>\n<p style=\"color:#6B7280;margin:0;font-size:0.95rem;\">Trabaja mejor cambios de tema, estructura y personalizaci\u00f3n con una base m\u00e1s clara.<\/p>\n<\/div>\n<\/div>\n<div style=\"display:flex;gap:15px;align-items:flex-start;margin-bottom:22px;\">\n<div style=\"min-width:40px;height:40px;background:linear-gradient(135deg,#00D4FF,#FF0080);border-radius:10px;display:flex;align-items:center;justify-content:center;font-size:1.2rem;\">&#x1f4bb;<\/div>\n<div>\n<h4 style=\"font-size:1.1rem;margin:0 0 5px 0;color:#23282d;\">Resoluci\u00f3n m\u00e1s r\u00e1pida<\/h4>\n<p style=\"color:#6B7280;margin:0;font-size:0.95rem;\">Reduce tiempo en ajustes, snippets y tareas t\u00e9cnicas frecuentes.<\/p>\n<\/div>\n<\/div>\n<div style=\"display:flex;gap:15px;align-items:flex-start;margin-bottom:22px;\">\n<div style=\"min-width:40px;height:40px;background:linear-gradient(135deg,#00D4FF,#FF0080);border-radius:10px;display:flex;align-items:center;justify-content:center;font-size:1.2rem;\">&#x1f50d;<\/div>\n<div>\n<h4 style=\"font-size:1.1rem;margin:0 0 5px 0;color:#23282d;\">Revisi\u00f3n m\u00e1s \u00fatil<\/h4>\n<p style=\"color:#6B7280;margin:0;font-size:0.95rem;\">Detecta mejoras y puntos de atenci\u00f3n antes de romper estructura o dise\u00f1o.<\/p>\n<\/div>\n<\/div>\n<div style=\"display:flex;gap:15px;align-items:flex-start;margin-bottom:22px;\">\n<div style=\"min-width:40px;height:40px;background:linear-gradient(135deg,#00D4FF,#FF0080);border-radius:10px;display:flex;align-items:center;justify-content:center;font-size:1.2rem;\">&#x1f680;<\/div>\n<div>\n<h4 style=\"font-size:1.1rem;margin:0 0 5px 0;color:#23282d;\">Base avanzada<\/h4>\n<p style=\"color:#6B7280;margin:0;font-size:0.95rem;\">Empieza con una soluci\u00f3n potente y evoluciona hacia flujos de personalizaci\u00f3n m\u00e1s complejos.<\/p>\n<\/div>\n<\/div>\n<\/div>\n\n\t\t<\/div>\n\t\t\t\t\t<\/div>\n\n\t\n\n<\/div>\n\n\t\t<\/div>\n\n\t\t\n<style>\n#section_673042813 {\n  padding-top: 45px;\n  padding-bottom: 45px;\n  background-color: #ffffff;\n}\n@media (min-width:850px) {\n  #section_673042813 {\n    padding-top: 30px;\n    padding-bottom: 30px;\n  }\n}\n<\/style>\n\t<\/section>\n\t\n\n\t<section class=\"section\" id=\"section_1453603988\">\n\t\t<div class=\"section-bg fill\" >\n\t\t\t\t\t\t\t\t\t\n\t\t\t\n\n\t\t<\/div>\n\n\t\t\n\n\t\t<div class=\"section-content relative\">\n\t\t\t\n\n<div class=\"row align-center\"  id=\"row-165857331\">\n\n\n\t<div id=\"col-1278600428\" class=\"col medium-10 small-12 large-10\"  >\n\t\t\t\t<div class=\"col-inner text-center\"  >\n\t\t\t\n\t\t\t\n\n\t<div id=\"text-220019511\" class=\"text\">\n\t\t\n\n<h2 style=\"font-weight:800;margin:0;\">Main capabilities of <span style=\"background: linear-gradient(135deg, #00D4FF, #FF0080); -webkit-background-clip:text; -webkit-text-fill-color:transparent;\">aiCodeThemes<\/span><\/h2>\n\t\t\n<style>\n#text-220019511 {\n  font-size: 1.8rem;\n  text-align: center;\n}\n@media (min-width:850px) {\n  #text-220019511 {\n    font-size: 2.2rem;\n  }\n}\n<\/style>\n\t<\/div>\n\t\n\t<div id=\"gap-1468730703\" class=\"gap-element clearfix\" style=\"display:block; height:auto;\">\n\t\t\n<style>\n#gap-1468730703 {\n  padding-top: 15px;\n}\n<\/style>\n\t<\/div>\n\t\n\n\t<div id=\"text-1048113814\" class=\"text\">\n\t\t\n\n<p>A ready-made base for theme customization, technical review and visual improvements with better judgment and more order.<\/p>\n\t\t\n<style>\n#text-1048113814 {\n  font-size: 1.1rem;\n  text-align: center;\n  color: rgb(107, 114, 128);\n}\n#text-1048113814 > * {\n  color: rgb(107, 114, 128);\n}\n<\/style>\n\t<\/div>\n\t\n\t<div id=\"gap-1379455432\" class=\"gap-element clearfix\" style=\"display:block; height:auto;\">\n\t\t\n<style>\n#gap-1379455432 {\n  padding-top: 45px;\n}\n<\/style>\n\t<\/div>\n\t\n\n\t\t<\/div>\n\t\t\t\t\t<\/div>\n\n\t\n\n<\/div>\n<div class=\"row align-center\"  id=\"row-926108375\">\n\n\t<div id=\"col-1987950115\" class=\"col medium-4 small-12 large-4\"  >\n\t\t\t\t<div class=\"col-inner\"  >\n\t\t\t\n\t\t\t\n\n<div style=\"background:#fff;padding:34px 26px;border-radius:20px;box-shadow:0 4px 15px rgba(0,0,0,0.08);text-align:center;height:100%;\">\n<div style=\"width:74px;height:74px;background:linear-gradient(135deg,#00D4FF,#9B59B6,#FF0080);border-radius:16px;display:flex;align-items:center;justify-content:center;font-size:2rem;margin:0 auto 18px;\">&#x1f9f1;<\/div>\n<h3 style=\"font-size:1.25rem;margin-bottom:10px;color:#23282d;\">Base s\u00f3lida de personalizaci\u00f3n<\/h3>\n<p style=\"color:#6B7280;margin:0;font-size:1rem;\">Empieza con una estructura clara para trabajar cambios t\u00e9cnicos y visuales de forma m\u00e1s segura.<\/p>\n<\/div>\n\n\t\t<\/div>\n\t\t\t\t\n<style>\n#col-1987950115 > .col-inner {\n  padding: 15px;\n}\n<\/style>\n\t<\/div>\n\n\t\n\n\t<div id=\"col-708312318\" class=\"col medium-4 small-12 large-4\"  >\n\t\t\t\t<div class=\"col-inner\"  >\n\t\t\t\n\t\t\t\n\n<div style=\"background:#fff;padding:34px 26px;border-radius:20px;box-shadow:0 4px 15px rgba(0,0,0,0.08);text-align:center;height:100%;\">\n<div style=\"width:74px;height:74px;background:linear-gradient(135deg,#00D4FF,#9B59B6,#FF0080);border-radius:16px;display:flex;align-items:center;justify-content:center;font-size:2rem;margin:0 auto 18px;\">&#x1f504;<\/div>\n<h3 style=\"font-size:1.25rem;margin-bottom:10px;color:#23282d;\">Iteraci\u00f3n progresiva<\/h3>\n<p style=\"color:#6B7280;margin:0;font-size:1rem;\">Mejora plantillas y temas sin rehacer todo desde cero en cada ajuste.<\/p>\n<\/div>\n\n\t\t<\/div>\n\t\t\t\t\n<style>\n#col-708312318 > .col-inner {\n  padding: 15px;\n}\n<\/style>\n\t<\/div>\n\n\t\n\n\t<div id=\"col-1686405441\" class=\"col medium-4 small-12 large-4\"  >\n\t\t\t\t<div class=\"col-inner\"  >\n\t\t\t\n\t\t\t\n\n<div style=\"background:#fff;padding:34px 26px;border-radius:20px;box-shadow:0 4px 15px rgba(0,0,0,0.08);text-align:center;height:100%;\">\n<div style=\"width:74px;height:74px;background:linear-gradient(135deg,#00D4FF,#9B59B6,#FF0080);border-radius:16px;display:flex;align-items:center;justify-content:center;font-size:2rem;margin:0 auto 18px;\">&#x1f4ca;<\/div>\n<h3 style=\"font-size:1.25rem;margin-bottom:10px;color:#23282d;\">M\u00e1s claridad sobre prioridades<\/h3>\n<p style=\"color:#6B7280;margin:0;font-size:1rem;\">Identifica qu\u00e9 cambios conviene resolver primero para ganar estabilidad y utilidad.<\/p>\n<\/div>\n\n\t\t<\/div>\n\t\t\t\t\n<style>\n#col-1686405441 > .col-inner {\n  padding: 15px;\n}\n<\/style>\n\t<\/div>\n\n\t\n<\/div>\n<div class=\"row align-center\"  id=\"row-2010605316\">\n\n\t<div id=\"col-558266290\" class=\"col medium-4 small-12 large-4\"  >\n\t\t\t\t<div class=\"col-inner\"  >\n\t\t\t\n\t\t\t\n\n<div style=\"background:#fff;padding:34px 26px;border-radius:20px;box-shadow:0 4px 15px rgba(0,0,0,0.08);text-align:center;height:100%;\">\n<div style=\"width:74px;height:74px;background:linear-gradient(135deg,#00D4FF,#9B59B6,#FF0080);border-radius:16px;display:flex;align-items:center;justify-content:center;font-size:2rem;margin:0 auto 18px;\">&#x1f6e0;&#xfe0f;<\/div>\n<h3 style=\"font-size:1.25rem;margin-bottom:10px;color:#23282d;\">Entorno preparado para crecer<\/h3>\n<p style=\"color:#6B7280;margin:0;font-size:1rem;\">aiCodeThemes sirve como base para una operaci\u00f3n de personalizaci\u00f3n m\u00e1s madura.<\/p>\n<\/div>\n\n\t\t<\/div>\n\t\t\t\t\n<style>\n#col-558266290 > .col-inner {\n  padding: 15px;\n}\n<\/style>\n\t<\/div>\n\n\t\n\n\t<div id=\"col-30499967\" class=\"col medium-4 small-12 large-4\"  >\n\t\t\t\t<div class=\"col-inner\"  >\n\t\t\t\n\t\t\t\n\n<div style=\"background:#fff;padding:34px 26px;border-radius:20px;box-shadow:0 4px 15px rgba(0,0,0,0.08);text-align:center;height:100%;\">\n<div style=\"width:74px;height:74px;background:linear-gradient(135deg,#00D4FF,#9B59B6,#FF0080);border-radius:16px;display:flex;align-items:center;justify-content:center;font-size:2rem;margin:0 auto 18px;\">&#x1f510;<\/div>\n<h3 style=\"font-size:1.25rem;margin-bottom:10px;color:#23282d;\">Acceso guiado<\/h3>\n<p style=\"color:#6B7280;margin:0;font-size:1rem;\">Trabaja con una herramienta pensada para ayudarte a avanzar sin a\u00f1adir ruido innecesario.<\/p>\n<\/div>\n\n\t\t<\/div>\n\t\t\t\t\n<style>\n#col-30499967 > .col-inner {\n  padding: 15px;\n}\n<\/style>\n\t<\/div>\n\n\t\n\n\t<div id=\"col-2113309486\" class=\"col medium-4 small-12 large-4\"  >\n\t\t\t\t<div class=\"col-inner\"  >\n\t\t\t\n\t\t\t\n\n<div style=\"background:#fff;padding:34px 26px;border-radius:20px;box-shadow:0 4px 15px rgba(0,0,0,0.08);text-align:center;height:100%;\">\n<div style=\"width:74px;height:74px;background:linear-gradient(135deg,#00D4FF,#9B59B6,#FF0080);border-radius:16px;display:flex;align-items:center;justify-content:center;font-size:2rem;margin:0 auto 18px;\">&#x1f3af;<\/div>\n<h3 style=\"font-size:1.25rem;margin-bottom:10px;color:#23282d;\">Pensado para web y temas<\/h3>\n<p style=\"color:#6B7280;margin:0;font-size:1rem;\">Ideal para equipos que necesitan adaptar dise\u00f1o y l\u00f3gica con m\u00e1s control y menos fricci\u00f3n.<\/p>\n<\/div>\n\n\t\t<\/div>\n\t\t\t\t\n<style>\n#col-2113309486 > .col-inner {\n  padding: 15px;\n}\n<\/style>\n\t<\/div>\n\n\t\n<\/div>\n\n\t\t<\/div>\n\n\t\t\n<style>\n#section_1453603988 {\n  padding-top: 45px;\n  padding-bottom: 45px;\n  background-color: #f9fafb;\n}\n@media (min-width:850px) {\n  #section_1453603988 {\n    padding-top: 70px;\n    padding-bottom: 70px;\n  }\n}\n<\/style>\n\t<\/section>\n\t\n\n\t<section class=\"section\" id=\"section_1310711296\">\n\t\t<div class=\"section-bg fill\" >\n\t\t\t\t\t\t\t\t\t\n\t\t\t\n\n\t\t<\/div>\n\n\t\t\n\n\t\t<div class=\"section-content relative\">\n\t\t\t\n\n<div class=\"row align-center\"  id=\"row-571704577\">\n\n\n\t<div id=\"col-191234996\" class=\"col medium-10 small-12 large-10\"  >\n\t\t\t\t<div class=\"col-inner text-center\"  >\n\t\t\t\n\t\t\t\n\n\t<div id=\"text-2569820744\" class=\"text\">\n\t\t\n\n<h2 style=\"font-weight:800;margin:0;color:#fff;\">Ready to get started with <span style=\"background: linear-gradient(135deg, #00D4FF, #FF0080); -webkit-background-clip:text; -webkit-text-fill-color:transparent;\">aiCodeThemes<\/span>?<\/h2>\n\t\t\n<style>\n#text-2569820744 {\n  font-size: 1.7rem;\n  text-align: center;\n}\n@media (min-width:850px) {\n  #text-2569820744 {\n    font-size: 2.1rem;\n  }\n}\n<\/style>\n\t<\/div>\n\t\n\t<div id=\"gap-1488477214\" class=\"gap-element clearfix\" style=\"display:block; height:auto;\">\n\t\t\n<style>\n#gap-1488477214 {\n  padding-top: 12px;\n}\n<\/style>\n\t<\/div>\n\t\n\n\t<div id=\"text-783786436\" class=\"text\">\n\t\t\n\n<p style=\"color:rgba(255,255,255,0.7);\">Take the first step toward clearer, more secure, and better-prepared theme customization.<\/p>\n\t\t\n<style>\n#text-783786436 {\n  font-size: 1.1rem;\n  text-align: center;\n}\n<\/style>\n\t<\/div>\n\t\n\t<div id=\"gap-1854783427\" class=\"gap-element clearfix\" style=\"display:block; height:auto;\">\n\t\t\n<style>\n#gap-1854783427 {\n  padding-top: 25px;\n}\n<\/style>\n\t<\/div>\n\t\n\n<a href=\"#ir-a-chat\" class=\"button white is-fill is-large\" >\n\t\t<span>&amp;#x1f449; COMENZAR<\/span>\n\t<\/a>\n\n\n\t\t<\/div>\n\t\t\t\t\t<\/div>\n\n\t\n\n<\/div>\n\n\t\t<\/div>\n\n\t\t\n<style>\n#section_1310711296 {\n  padding-top: 45px;\n  padding-bottom: 45px;\n  background-color: rgb(26, 26, 46);\n}\n@media (min-width:850px) {\n  #section_1310711296 {\n    padding-top: 70px;\n    padding-bottom: 70px;\n  }\n}\n<\/style>\n\t<\/section>\n\t\n\n\t<section class=\"section\" id=\"section_1141548646\">\n\t\t<div class=\"section-bg fill\" >\n\t\t\t\t\t\t\t\t\t\n\t\t\t\n\n\t\t<\/div>\n\n\t\t\n\n\t\t<div class=\"section-content relative\">\n\t\t\t\n\n<div class=\"row align-center\"  id=\"row-1673242200\">\n\n\n\t<div id=\"col-1454510557\" class=\"col medium-10 small-12 large-10\"  >\n\t\t\t\t<div class=\"col-inner text-center\"  >\n\t\t\t\n\t\t\t\n\n\t<div id=\"gap-1438644644\" class=\"gap-element clearfix\" style=\"display:block; height:auto;\">\n\t\t\n<style>\n#gap-1438644644 {\n  padding-top: 28px;\n}\n<\/style>\n\t<\/div>\n\t\n\n\t<div id=\"text-71290843\" class=\"text\">\n\t\t\n\n<h2 style=\"font-weight:800;margin:0;color:#9CA3AF;\">Conclusions: why choose <span style=\"background: linear-gradient(135deg, #00D4FF, #FF0080); -webkit-background-clip:text; -webkit-text-fill-color:transparent;\">aiCodeThemes<\/span><\/h2>\n\t\t\n<style>\n#text-71290843 {\n  font-size: 1.8rem;\n  text-align: center;\n}\n@media (min-width:850px) {\n  #text-71290843 {\n    font-size: 2.2rem;\n  }\n}\n<\/style>\n\t<\/div>\n\t\n\t<div id=\"gap-1678781039\" class=\"gap-element clearfix\" style=\"display:block; height:auto;\">\n\t\t\n<style>\n#gap-1678781039 {\n  padding-top: 18px;\n}\n<\/style>\n\t<\/div>\n\t\n\n\t<div id=\"text-2596236112\" class=\"text\">\n\t\t\n\n<p>If you are looking for a clear solution to solve themes, visual adjustments and customizations with more criteria, aiCodeThemes gives you an advanced foundation to work better.<\/p>\n\t\t\n<style>\n#text-2596236112 {\n  font-size: 1.1rem;\n  text-align: center;\n  color: rgb(107, 114, 128);\n}\n#text-2596236112 > * {\n  color: rgb(107, 114, 128);\n}\n<\/style>\n\t<\/div>\n\t\n\t<div id=\"gap-1326091759\" class=\"gap-element clearfix\" style=\"display:block; height:auto;\">\n\t\t\n<style>\n#gap-1326091759 {\n  padding-top: 35px;\n}\n<\/style>\n\t<\/div>\n\t\n\n\t\t<\/div>\n\t\t\t\t\t<\/div>\n\n\t\n\n<\/div>\n<div class=\"row\"  id=\"row-441329203\">\n\n\n\t<div id=\"col-1669129773\" class=\"col medium-10 small-12 large-10\"  >\n\t\t\t\t<div class=\"col-inner\"  >\n\t\t\t\n\t\t\t\n\n<ul>\n<li><strong>Ideal for:<\/strong> snippets, themes, layout, web structure, customizations, and advanced visual adjustments.<\/li>\n<li><strong>Best fit:<\/strong> Technical designers, agencies, implementers, and teams working with themes and templates.<\/li>\n<li><strong>Next step:<\/strong> Turn on access, test aiCodeThemes, and turn sparse changes into a more robust technical foundation.<\/li>\n<\/ul>\n<p><em>aiCodeThemes: a clear basis for better decision, better execution and growth with more criteria.<\/em><\/p>\n\n\t\t<\/div>\n\t\t\t\t\t<\/div>\n\n\t\n\n<\/div>\n\n\t\t<\/div>\n\n\t\t\n<style>\n#section_1141548646 {\n  padding-top: 45px;\n  padding-bottom: 45px;\n  background-color: #ffffff;\n}\n@media (min-width:850px) {\n  #section_1141548646 {\n    padding-top: 70px;\n    padding-bottom: 70px;\n  }\n}\n<\/style>\n\t<\/section>\n\t\n\n\n","protected":false},"excerpt":{"rendered":"","protected":false},"author":1002330,"featured_media":0,"parent":0,"menu_order":0,"comment_status":"closed","ping_status":"closed","template":"page-blank.php","meta":{"pmpro_default_level":"","footnotes":""},"class_list":["post-27651","page","type-page","status-publish","hentry","pmpro-has-access"],"_links":{"self":[{"href":"https:\/\/360group.ai\/en\/wp-json\/wp\/v2\/pages\/27651","targetHints":{"allow":["GET"]}}],"collection":[{"href":"https:\/\/360group.ai\/en\/wp-json\/wp\/v2\/pages"}],"about":[{"href":"https:\/\/360group.ai\/en\/wp-json\/wp\/v2\/types\/page"}],"author":[{"embeddable":true,"href":"https:\/\/360group.ai\/en\/wp-json\/wp\/v2\/users\/1002330"}],"replies":[{"embeddable":true,"href":"https:\/\/360group.ai\/en\/wp-json\/wp\/v2\/comments?post=27651"}],"version-history":[{"count":6,"href":"https:\/\/360group.ai\/en\/wp-json\/wp\/v2\/pages\/27651\/revisions"}],"predecessor-version":[{"id":31630,"href":"https:\/\/360group.ai\/en\/wp-json\/wp\/v2\/pages\/27651\/revisions\/31630"}],"wp:attachment":[{"href":"https:\/\/360group.ai\/en\/wp-json\/wp\/v2\/media?parent=27651"}],"curies":[{"name":"wp","href":"https:\/\/api.w.org\/{rel}","templated":true}]}}