{"id":27338,"date":"2024-11-13T06:04:01","date_gmt":"2024-11-13T05:04:01","guid":{"rendered":"https:\/\/360group.es\/?page_id=27338"},"modified":"2026-01-26T00:46:07","modified_gmt":"2026-01-25T23:46:07","slug":"aimessages-2","status":"publish","type":"page","link":"https:\/\/360group.ai\/en\/aimessages-2\/","title":{"rendered":"aiEmail"},"content":{"rendered":"\n<div class=\"slider-wrapper relative\" id=\"slider-1034824762\" >\n    <div class=\"slider slider-nav-circle slider-nav-large slider-nav-light slider-style-normal\"\n        data-flickity-options='{\n            \"cellAlign\": \"center\",\n            \"imagesLoaded\": true,\n            \"lazyLoad\": 1,\n            \"freeScroll\": false,\n            \"wrapAround\": true,\n            \"autoPlay\": 6000,\n            \"pauseAutoPlayOnHover\" : true,\n            \"prevNextButtons\": true,\n            \"contain\" : true,\n            \"adaptiveHeight\" : true,\n            \"dragThreshold\" : 10,\n            \"percentPosition\": true,\n            \"pageDots\": true,\n            \"rightToLeft\": false,\n            \"draggable\": true,\n            \"selectedAttraction\": 0.1,\n            \"parallax\" : 0,\n            \"friction\": 0.6        }'\n        >\n        \n\n\n  <div class=\"banner has-hover\" id=\"banner-367042613\">\n          <div class=\"banner-inner fill\">\n        <div class=\"banner-bg fill\" >\n            <img loading=\"lazy\" decoding=\"async\" width=\"1280\" height=\"853\" src=\"https:\/\/360group.ai\/\/wp-content\/uploads\/vps-cloud-server.jpg\" class=\"bg attachment-original size-original\" alt=\"- | -\" title=\"Servicios Profesionales de para Optimizar Tu Negocio -\">                                    \n                    <\/div>\n\t\t\n        <div class=\"banner-layers container\">\n            <div class=\"fill banner-link\"><\/div>            \n\n   <div id=\"text-box-1970652756\" class=\"text-box banner-layer x50 md-x50 lg-x50 y50 md-y50 lg-y50 res-text\">\n                                <div class=\"text-box-content text dark\">\n              \n              <div class=\"text-inner text-center\">\n                  \n\n<h2><span style=\"color: #ea3687; font-size: 75%;\">Inteligencia Artificial aiMessages<\/span><\/h2>\n\n              <\/div>\n           <\/div>\n                            \n<style>\n#text-box-1970652756 {\n  width: 60%;\n}\n#text-box-1970652756 .text-box-content {\n  font-size: 100%;\n}\n<\/style>\n    <\/div>\n \n\n        <\/div>\n      <\/div>\n\n            \n<style>\n#banner-367042613 {\n  padding-top: 135px;\n}\n#banner-367042613 .banner-bg img {\n  object-position: 62% 62%;\n}\n<\/style>\n  <\/div>\n\n\n\n     <\/div>\n\n     <div class=\"loading-spin dark large centered\"><\/div>\n\n\t<\/div>\n\n\n\t<div id=\"gap-1954442844\" class=\"gap-element clearfix\" style=\"display:block; height:auto;\">\n\t\t\n<style>\n#gap-1954442844 {\n  padding-top: 30px;\n}\n<\/style>\n\t<\/div>\n\t\n\n<div class=\"message-box relative dark\" style=\"padding-top:8px;padding-bottom:8px;\"><div class=\"message-box-bg-image bg-fill fill\" ><\/div><div class=\"message-box-bg-overlay bg-fill fill\" style=\"background-color:rgb(255, 255, 255);\"><\/div><div class=\"container relative\"><div class=\"inner last-reset\">\n\n<div class='mwai-chatbot-container' data-params='{&quot;aiName&quot;:&quot;aiMessages: &quot;,&quot;userName&quot;:&quot;Usuario: &quot;,&quot;guestName&quot;:&quot;Invitado:&quot;,&quot;textSend&quot;:&quot;&quot;,&quot;textClear&quot;:&quot;&quot;,&quot;imageUpload&quot;:false,&quot;fileUpload&quot;:false,&quot;multiUpload&quot;:false,&quot;maxUploads&quot;:1,&quot;fileUploads&quot;:0,&quot;mode&quot;:&quot;chat&quot;,&quot;textInputPlaceholder&quot;:&quot;&quot;,&quot;textInputMaxLength&quot;:4096,&quot;textCompliance&quot;:&quot;&quot;,&quot;startSentence&quot;:&quot;&quot;,&quot;localMemory&quot;:false,&quot;themeId&quot;:&quot;timeless&quot;,&quot;window&quot;:false,&quot;icon&quot;:&quot;&quot;,&quot;iconText&quot;:&quot;&quot;,&quot;iconTextDelay&quot;:1,&quot;iconAlt&quot;:&quot;AI Engine Chatbot&quot;,&quot;iconPosition&quot;:&quot;bottom-right&quot;,&quot;centerOpen&quot;:false,&quot;width&quot;:&quot;&quot;,&quot;openDelay&quot;:&quot;&quot;,&quot;iconBubble&quot;:false,&quot;windowAnimation&quot;:&quot;zoom&quot;,&quot;fullscreen&quot;:false,&quot;copyButton&quot;:true,&quot;headerSubtitle&quot;:&quot;Discuss with&quot;,&quot;containerType&quot;:&quot;standard&quot;,&quot;headerType&quot;:&quot;standard&quot;,&quot;messagesType&quot;:&quot;standard&quot;,&quot;inputType&quot;:&quot;standard&quot;,&quot;footerType&quot;:&quot;standard&quot;}' data-system='{&quot;botId&quot;:&quot;chatbot-6kp9uv&quot;,&quot;customId&quot;:null,&quot;userData&quot;:null,&quot;sessionId&quot;:&quot;69e4f8cc3cf04&quot;,&quot;restNonce&quot;:null,&quot;contextId&quot;:null,&quot;pluginUrl&quot;:&quot;https:\\\/\\\/360group.ai\\\/wp-content\\\/plugins\\\/ai-engine&quot;,&quot;restUrl&quot;:&quot;https:\\\/\\\/360group.ai\\\/en\\\/wp-json&quot;,&quot;stream&quot;:true,&quot;debugMode&quot;:false,&quot;eventLogs&quot;:false,&quot;speech_recognition&quot;:true,&quot;speech_synthesis&quot;:false,&quot;typewriter&quot;:true,&quot;crossSite&quot;:false,&quot;actions&quot;:[],&quot;blocks&quot;:[],&quot;shortcuts&quot;:[]}' data-theme='{&quot;type&quot;:&quot;internal&quot;,&quot;name&quot;:&quot;Timeless&quot;,&quot;themeId&quot;:&quot;timeless&quot;,&quot;settings&quot;:{&quot;backgroundAiColor&quot;:&quot;#ffffff&quot;,&quot;backgroundUserColor&quot;:&quot;#db1f92&quot;,&quot;iconTextBackgroundColor&quot;:&quot;#db1f92&quot;,&quot;bubbleColor&quot;:&quot;#db1f92&quot;,&quot;backgroundHeaderColor&quot;:&quot;#db1f92&quot;},&quot;style&quot;:&quot;&quot;,&quot;cssUrl&quot;:&quot;https:\\\/\\\/360group.ai\\\/wp-content\\\/plugins\\\/ai-engine\\\/themes\\\/timeless.css&quot;}'><\/div>\n\t<div id=\"gap-2063790690\" class=\"gap-element clearfix\" style=\"display:block; height:auto;\">\n\t\t\n<style>\n#gap-2063790690 {\n  padding-top: 20px;\n}\n<\/style>\n\t<\/div>\n\t\n\n\n\t<section class=\"section\" id=\"section_451875410\">\n\t\t<div class=\"section-bg fill\" >\n\t\t\t\t\t\t\t\t\t\n\t\t\t\n\n\t\t<\/div>\n\n\t\t\n\n\t\t<div class=\"section-content relative\">\n\t\t\t\n\n<p style=\"text-align: center;\"><span style=\"color: #696969;\">\u00a1Transforma tu negocio con <strong>360 Group<\/strong>! Descubre c\u00f3mo nuestros <strong>bots de Inteligencia Artificial<\/strong> pueden revolucionar tu d\u00eda a d\u00eda.<\/span><\/p>\n<p style=\"text-align: center;\"><span style=\"color: #696969;\">\u00a0<\/span><span style=\"color: #ff00ff;\"><a style=\"color: #ff00ff;\" href=\"https:\/\/360group.ai\/bots-inteligencia-artificial\/\" target=\"_self\" rel=\"noopener noreferrer\">Haz clic aqu\u00ed<\/a><\/span>\u00a0<span style=\"color: #696969;\">para explorar las posibilidades. \u00a1Innova hoy con nosotros! <\/span>\u00a0<span style=\"color: #ff00ff;\"><a style=\"color: #ff00ff;\" href=\"https:\/\/360group.ai\/bots-inteligencia-artificial\/\" target=\"_self\" rel=\"noopener noreferrer\">VER TODOS NUESTROS BOTS<\/a><\/span>.<\/p>\n\n\t\t<\/div>\n\n\t\t\n<style>\n#section_451875410 {\n  padding-top: 15px;\n  padding-bottom: 15px;\n}\n<\/style>\n\t<\/section>\n\t\n<h1><span style=\"color: #808080;\"><strong>\u00a1Mejora tus Conversaciones con aiMessages: Correcci\u00f3n, Estilo, Variedad y Personalizaci\u00f3n!<\/strong><\/span><\/h1>\n<p style=\"padding-left: 40px;\"><span style=\"color: #808080;\"><strong>Eleva tus Mensajes al Siguiente Nivel: Correcci\u00f3n y Embellecimiento Automatizado<\/strong><\/span><br \/><span style=\"color: #808080;\">Transforma textos simples en comunicaciones impactantes, corregidas y embellecidas para destacar en cualquier chat o red social.<\/span><\/p>\n<p style=\"padding-left: 40px;\"><span style=\"color: #808080;\"><strong>Haz que tus Palabras Brillen: Personalizaci\u00f3n Estil\u00edstica a tu Alcance<\/strong><\/span><br \/><span style=\"color: #808080;\">Convierte cada mensaje en una experiencia visual \u00fanica, con opciones de estilo y formato que se adaptan a tus necesidades.<\/span><\/p>\n<p style=\"padding-left: 40px;\"><span style=\"color: #808080;\"><strong>Simplifica tus Comunicaciones: Formateo y Estilo Adaptativos<\/strong><\/span><br \/><span style=\"color: #808080;\">Ajusta f\u00e1cilmente el tono y formato de tus mensajes para que se adapten perfectamente a cualquier situaci\u00f3n.<\/span><\/p>\n<p style=\"padding-left: 40px;\"><span style=\"color: #808080;\"><strong>Impresiona en Cada Interacci\u00f3n: Variedad Creativa sin Esfuerzo<\/strong><\/span><br \/><span style=\"color: #808080;\">Dale vida a tus textos con emojis, \u00edconos y estilos que capturan la atenci\u00f3n, haciendo tus mensajes m\u00e1s memorables.<\/span><\/p>\n<p style=\"padding-left: 40px;\"><span style=\"color: #808080;\"><strong>Personaliza tu Comunicaci\u00f3n: Estilo y Claridad en un Solo Paso<\/strong><\/span><br \/><span style=\"color: #808080;\">Desde correcci\u00f3n hasta dise\u00f1o, aiMessages asegura que cada palabra refleje tu intenci\u00f3n con claridad y estilo, listo para cualquier plataforma.<\/span><\/p>\n\n<\/div><\/div><\/div>\n\t<div id=\"gap-54269963\" class=\"gap-element clearfix\" style=\"display:block; height:auto;\">\n\t\t\n<style>\n#gap-54269963 {\n  padding-top: 30px;\n}\n<\/style>\n\t<\/div>\n\t\n\n<div class=\"container section-title-container\" ><h3 class=\"section-title section-title-center\"><b aria-hidden=\"true\"><\/b><span class=\"section-title-main\" style=\"color:rgb(146, 146, 146);\">SERVICIOS AVANZADOS INTELIGENCIA ARTIFICIAL<\/span><b aria-hidden=\"true\"><\/b><\/h3><\/div>\n\n\n\t<section class=\"section\" id=\"section_592572982\">\n\t\t<div class=\"section-bg fill\" >\n\t\t\t\t\t\t\t\t\t\n\t\t\t\n\n\t\t<\/div>\n\n\t\t\n\n\t\t<div class=\"section-content relative\">\n\t\t\t\n\n<div class=\"row\"  id=\"row-1215684412\">\n\n\n\t<div id=\"col-2120680303\" class=\"col small-12 large-12\"  >\n\t\t\t\t<div class=\"col-inner text-left\"  >\n\t\t\t\n\t\t\t\n\n<div class=\"message-box relative\" style=\"padding-top:15px;padding-bottom:15px;\"><div class=\"message-box-bg-image bg-fill fill\" ><\/div><div class=\"message-box-bg-overlay bg-fill fill\" style=\"background-color:rgb(255, 255, 255);\"><\/div><div class=\"container relative\"><div class=\"inner last-reset\">\n\n\t\n  \n    <div class=\"row large-columns-8 medium-columns-3 small-columns-2 row-small slider row-slider slider-nav-reveal slider-nav-push\"  data-flickity-options='{&quot;imagesLoaded&quot;: true, &quot;groupCells&quot;: &quot;100%&quot;, &quot;dragThreshold&quot; : 5, &quot;cellAlign&quot;: &quot;left&quot;,&quot;wrapAround&quot;: true,&quot;prevNextButtons&quot;: true,&quot;percentPosition&quot;: true,&quot;pageDots&quot;: false, &quot;rightToLeft&quot;: false, &quot;autoPlay&quot; : false}' >\n\n  <\/div>\n\n\n<\/div><\/div><\/div>\n\n\t\t<\/div>\n\t\t\t\t\t<\/div>\n\n\t\n\n<\/div>\n\n\t\t<\/div>\n\n\t\t\n<style>\n#section_592572982 {\n  padding-top: 30px;\n  padding-bottom: 30px;\n}\n<\/style>\n\t<\/section>\n\t\n\n","protected":false},"excerpt":{"rendered":"","protected":false},"author":1002330,"featured_media":0,"parent":0,"menu_order":0,"comment_status":"closed","ping_status":"closed","template":"page-blank.php","meta":{"pmpro_default_level":"","footnotes":""},"class_list":["post-27338","page","type-page","status-publish","hentry","pmpro-has-access"],"_links":{"self":[{"href":"https:\/\/360group.ai\/en\/wp-json\/wp\/v2\/pages\/27338","targetHints":{"allow":["GET"]}}],"collection":[{"href":"https:\/\/360group.ai\/en\/wp-json\/wp\/v2\/pages"}],"about":[{"href":"https:\/\/360group.ai\/en\/wp-json\/wp\/v2\/types\/page"}],"author":[{"embeddable":true,"href":"https:\/\/360group.ai\/en\/wp-json\/wp\/v2\/users\/1002330"}],"replies":[{"embeddable":true,"href":"https:\/\/360group.ai\/en\/wp-json\/wp\/v2\/comments?post=27338"}],"version-history":[{"count":2,"href":"https:\/\/360group.ai\/en\/wp-json\/wp\/v2\/pages\/27338\/revisions"}],"predecessor-version":[{"id":30660,"href":"https:\/\/360group.ai\/en\/wp-json\/wp\/v2\/pages\/27338\/revisions\/30660"}],"wp:attachment":[{"href":"https:\/\/360group.ai\/en\/wp-json\/wp\/v2\/media?parent=27338"}],"curies":[{"name":"wp","href":"https:\/\/api.w.org\/{rel}","templated":true}]}}