{"id":27251,"date":"2024-10-22T09:53:54","date_gmt":"2024-10-22T07:53:54","guid":{"rendered":"https:\/\/360group.es\/?page_id=27251"},"modified":"2026-04-28T04:16:15","modified_gmt":"2026-04-28T02:16:15","slug":"aicontent","status":"publish","type":"page","link":"https:\/\/360group.ai\/en\/aicontent\/","title":{"rendered":"aiContent"},"content":{"rendered":"\n<div class=\"slider-wrapper relative\" id=\"slider-1314708820\" >\n    <div class=\"slider slider-nav-circle slider-nav-large slider-nav-light slider-style-normal\"\n        data-flickity-options='{\n            \"cellAlign\": \"center\",\n            \"imagesLoaded\": true,\n            \"lazyLoad\": 1,\n            \"freeScroll\": false,\n            \"wrapAround\": true,\n            \"autoPlay\": 6000,\n            \"pauseAutoPlayOnHover\" : true,\n            \"prevNextButtons\": true,\n            \"contain\" : true,\n            \"adaptiveHeight\" : true,\n            \"dragThreshold\" : 10,\n            \"percentPosition\": true,\n            \"pageDots\": true,\n            \"rightToLeft\": false,\n            \"draggable\": true,\n            \"selectedAttraction\": 0.1,\n            \"parallax\" : 0,\n            \"friction\": 0.6        }'\n        >\n        \n\n\n  <div class=\"banner has-hover\" id=\"banner-670700762\">\n          <div class=\"banner-inner fill\">\n        <div class=\"banner-bg fill\" >\n            <img loading=\"lazy\" decoding=\"async\" width=\"1024\" height=\"1024\" src=\"https:\/\/360group.ai\/\/wp-content\/uploads\/bots-artificial-intelligence.png\" class=\"bg attachment-cover size-cover\" alt=\"- | -\" title=\"Servicios Profesionales de para Optimizar Tu Negocio -\">                                    \n                    <\/div>\n\t\t\n        <div class=\"banner-layers container\">\n            <div class=\"fill banner-link\"><\/div>            \n\n   <div id=\"text-box-348777307\" class=\"text-box banner-layer x50 md-x50 lg-x50 y50 md-y50 lg-y50 res-text\">\n                                <div class=\"text-box-content text dark\">\n              \n              <div class=\"text-inner text-center\">\n                  \n\n\t<div id=\"text-3004408149\" class=\"text\">\n\t\t\n\n<h1><span style=\"color: #ffffff; font-size: 75%;\">aiContent: Create clearer, more useful and business-optimized content<\/span><\/h1>\n<p><span style=\"color: rgba(255, 255, 255, 0.85); font-size: 75%;\">A tool to generate, improve and rewrite content with more focus, better structure and greater usefulness for SEO, marketing and conversion.<\/span><\/p>\n\t\t\n<style>\n#text-3004408149 {\n  font-size: 0.75rem;\n  line-height: 1.6;\n}\n@media (min-width:550px) {\n  #text-3004408149 {\n    font-size: 0.8rem;\n  }\n}\n<\/style>\n\t<\/div>\n\t\n\t<div id=\"gap-1871646598\" class=\"gap-element clearfix\" style=\"display:block; height:auto;\">\n\t\t\n<style>\n#gap-1871646598 {\n  padding-top: 10px;\n}\n<\/style>\n\t<\/div>\n\t\n\n              <\/div>\n           <\/div>\n                            \n<style>\n#text-box-348777307 {\n  width: 100%;\n}\n#text-box-348777307 .text-box-content {\n  font-size: 100%;\n}\n@media (min-width:850px) {\n  #text-box-348777307 {\n    width: 100%;\n  }\n}\n<\/style>\n    <\/div>\n \n\n        <\/div>\n      <\/div>\n\n            \n<style>\n#banner-670700762 {\n  padding-top: 240px;\n}\n#banner-670700762 .banner-bg img {\n  object-position: 62% 62%;\n}\n@media (min-width:550px) {\n  #banner-670700762 {\n    padding-top: 110px;\n  }\n}\n<\/style>\n  <\/div>\n\n\n\n     <\/div>\n\n     <div class=\"loading-spin dark large centered\"><\/div>\n\n\t<\/div>\n\n\n\t<div id=\"gap-721849126\" class=\"gap-element clearfix\" style=\"display:block; height:auto;\">\n\t\t\n<style>\n#gap-721849126 {\n  padding-top: 10px;\n}\n@media (min-width:550px) {\n  #gap-721849126 {\n    padding-top: 10px;\n  }\n}\n@media (min-width:850px) {\n  #gap-721849126 {\n    padding-top: 10px;\n  }\n}\n<\/style>\n\t<\/div>\n\t\n\n\n\t<section class=\"section\" id=\"section_1309249422\">\n\t\t<div class=\"section-bg fill\" >\n\t\t\t\t\t\t\t\t\t\n\t\t\t\n\n\t\t<\/div>\n\n\t\t\n\n\t\t<div class=\"section-content relative\">\n\t\t\t\n\n<div class=\"row align-center\"  id=\"row-573884267\">\n\n\n\t<div id=\"col-1327260896\" class=\"col medium-10 small-12 large-10\"  >\n\t\t\t\t<div class=\"col-inner text-center\"  >\n\t\t\t\n\t\t\t\n\n\t<div id=\"text-3211683997\" class=\"text\">\n\t\t\n\n<h2 id=\"ir-a-chat\" style=\"font-weight:800;margin:0;\">This is how <span style=\"background: linear-gradient(135deg, #00D4FF, #FF0080); -webkit-background-clip:text; -webkit-text-fill-color:transparent;\">aiContent<\/span> boosts your content production<\/h2>\n\t\t\n<style>\n#text-3211683997 {\n  font-size: 1.8rem;\n  text-align: center;\n}\n@media (min-width:850px) {\n  #text-3211683997 {\n    font-size: 2.2rem;\n  }\n}\n<\/style>\n\t<\/div>\n\t\n\t<div id=\"gap-1961138164\" class=\"gap-element clearfix\" style=\"display:block; height:auto;\">\n\t\t\n<style>\n#gap-1961138164 {\n  padding-top: 15px;\n}\n<\/style>\n\t<\/div>\n\t\n\n\t<div id=\"text-2189493730\" class=\"text\">\n\t\t\n\n<p>aiContent helps you create clearer, more consistent, and more goal-aligned pieces to save time, improve quality, and move forward with more judgment.<\/p>\n\t\t\n<style>\n#text-2189493730 {\n  font-size: 1.1rem;\n  text-align: center;\n  color: rgb(107, 114, 128);\n}\n#text-2189493730 > * {\n  color: rgb(107, 114, 128);\n}\n<\/style>\n\t<\/div>\n\t\n\t<div id=\"text-1504073673\" class=\"text\">\n\t\t\n\n\n<p><a style=\"display: inline-block; width: 100%; max-width: 720px; text-decoration: none; border-radius: 14px; padding: 18px 22px; line-height: 1.15; background: linear-gradient(90deg,#1ecbff 0%,#ff2a8a 100%); box-shadow: 0 10px 18px rgba(0,0,0,0.18);\" href=\"https:\/\/360group.ai\/cuenta-de-membresia\/pago-de-membresia\/?pmpro_level=4\"><span style=\"display: block; font-weight: bold; font-size: 20px; color: #ffffff; margin-bottom: 6px;\">&#x1f513; Desbloquea aiContent<\/span><span style=\"display: block; font-weight: 500; font-size: 14px; color: rgba(255,255,255,0.92);\">Activa el plan Business y accede a una IA m\u00e1s potente para tu empresa.<\/span><\/a><\/p>\n<p>Da un paso m\u00e1s con <strong>360 Group<\/strong> y descubre c\u00f3mo una <strong>inteligencia artificial avanzada<\/strong> puede ayudarte a trabajar mejor, decidir mejor y ejecutar con m\u00e1s criterio.<\/p>\n<p style=\"margin-top: 12px; text-align: center;\"><a style=\"font-weight: 600; font-size: 15px; text-decoration: none; background: linear-gradient(90deg,#1ecbff 0%,#ff2a8a 100%); -webkit-background-clip: text; -webkit-text-fill-color: transparent;\" href=\"https:\/\/360group.ai\/suscripciones\/\">Ver todos los planes \u2192<br \/><\/a><\/p>\n\n\t\t\n<style>\n#text-1504073673 {\n  text-align: center;\n}\n<\/style>\n\t<\/div>\n\t\n\t<div id=\"gap-1321693927\" class=\"gap-element clearfix\" style=\"display:block; height:auto;\">\n\t\t\n<style>\n#gap-1321693927 {\n  padding-top: 35px;\n}\n<\/style>\n\t<\/div>\n\t\n\n\t\t<\/div>\n\t\t\t\t\t<\/div>\n\n\t\n\n<\/div>\n<div class=\"row align-middle align-center\"  id=\"row-1324182822\">\n\n\n\t<div id=\"col-1366855808\" class=\"col medium-6 small-12 large-6\"  >\n\t\t\t\t<div class=\"col-inner text-center\"  >\n\t\t\t\n\t\t\t\n\n<div style=\"background:#fff;border-radius:20px;box-shadow:0 25px 50px rgba(0,0,0,0.15),0 0 40px rgba(0,212,255,0.2);padding:24px;max-width:520px;margin:0 auto;\">\n<div style=\"display:flex;align-items:center;gap:12px;padding-bottom:16px;border-bottom:1px solid #f3f4f6;margin-bottom:16px;\">\n<div style=\"width:48px;height:48px;background:linear-gradient(135deg,#00D4FF,#FF0080);border-radius:50%;display:flex;align-items:center;justify-content:center;font-size:1.5rem;\">&#x1f4dd;<\/div>\n<div>\n<div style=\"font-weight:600;font-size:1rem;\">aiContent<\/div>\n<div style=\"font-size:0.85rem;color:#22C55E;display:flex;align-items:center;gap:6px;\">\n<span style=\"width:8px;height:8px;background:#22C55E;border-radius:50%;display:inline-block;\"><\/span> Disponible\n<\/div>\n<\/div>\n<\/div>\n<div style=\"display:flex;flex-direction:column;gap:12px;\">\n<div style=\"background:#f3f4f6;padding:12px 16px;border-radius:16px 16px 16px 4px;font-size:0.95rem;max-width:92%;\">Empieza con una base preparada para crear contenido m\u00e1s \u00fatil, m\u00e1s claro y mejor enfocado desde el principio.<\/div>\n<div style=\"background:linear-gradient(135deg,#00D4FF,#FF0080);color:#fff;padding:12px 16px;border-radius:16px 16px 4px 16px;font-size:0.95rem;max-width:85%;align-self:flex-end;\">Quiero producir textos m\u00e1s s\u00f3lidos para SEO, marketing y comunicaci\u00f3n sin perder tanto tiempo.<\/div>\n<div style=\"background:#f3f4f6;padding:12px 16px;border-radius:16px 16px 16px 4px;font-size:0.95rem;max-width:92%;\">aiContent est\u00e1 pensado para eso: ayudarte a generar, mejorar y estructurar contenido con una base m\u00e1s consistente.<\/div>\n<div style=\"background:linear-gradient(135deg,#00D4FF,#FF0080);color:#fff;padding:12px 16px;border-radius:16px 16px 4px 16px;font-size:0.95rem;max-width:85%;align-self:flex-end;\">Tambi\u00e9n necesito una forma r\u00e1pida de revisar y refinar piezas ya existentes.<\/div>\n<div style=\"background:#f3f4f6;padding:12px 16px;border-radius:16px 16px 16px 4px;font-size:0.95rem;max-width:92%;\">Perfecto: aiContent te ayuda a corregir enfoque, claridad y calidad sin rehacer todo desde cero.<\/div>\n<\/div>\n<div style=\"display:flex;gap:8px;margin-top:16px;padding-top:16px;border-top:1px solid #f3f4f6;\">\n<input type=\"text\" placeholder=\"Empieza a crear contenido con IA...\" style=\"flex:1;padding:12px 16px;border:1px solid #f3f4f6;border-radius:12px;font-size:0.95rem;\" readonly=\"\" \/>\n<div style=\"width:92px;height:44px;background:linear-gradient(135deg,#00D4FF,#FF0080);border-radius:12px;display:flex;align-items:center;justify-content:center;color:white;font-size:0.95rem;font-weight:600;\">CREAR<\/div>\n<\/div>\n<\/div>\n\n\t\t<\/div>\n\t\t\t\t\t<\/div>\n\n\t\n\n\t<div id=\"col-1434418314\" class=\"col medium-6 small-12 large-6\"  >\n\t\t\t\t<div class=\"col-inner\"  >\n\t\t\t\n\t\t\t\n\n<div style=\"padding:20px;\">\n<h3 style=\"font-size:1.5rem;margin-bottom:22px;color:#23282d;\">\u00bfQu\u00e9 te ofrece aiContent?<\/h3>\n<div style=\"display:flex;gap:15px;align-items:flex-start;margin-bottom:22px;\">\n<div style=\"min-width:40px;height:40px;background:linear-gradient(135deg,#00D4FF,#FF0080);border-radius:10px;display:flex;align-items:center;justify-content:center;font-size:1.2rem;\">&#x1f4c4;<\/div>\n<div>\n<h4 style=\"font-size:1.1rem;margin:0 0 5px 0;color:#23282d;\">Contenido mejor estructurado<\/h4>\n<p style=\"color:#6B7280;margin:0;font-size:0.95rem;\">Trabaja piezas m\u00e1s claras, ordenadas y \u00fatiles para distintos objetivos de negocio.<\/p>\n<\/div>\n<\/div>\n<div style=\"display:flex;gap:15px;align-items:flex-start;margin-bottom:22px;\">\n<div style=\"min-width:40px;height:40px;background:linear-gradient(135deg,#00D4FF,#FF0080);border-radius:10px;display:flex;align-items:center;justify-content:center;font-size:1.2rem;\">&#x1f50d;<\/div>\n<div>\n<h4 style=\"font-size:1.1rem;margin:0 0 5px 0;color:#23282d;\">Mejor enfoque SEO y marketing<\/h4>\n<p style=\"color:#6B7280;margin:0;font-size:0.95rem;\">Refuerza intenci\u00f3n, claridad y utilidad del contenido para ganar relevancia.<\/p>\n<\/div>\n<\/div>\n<div style=\"display:flex;gap:15px;align-items:flex-start;margin-bottom:22px;\">\n<div style=\"min-width:40px;height:40px;background:linear-gradient(135deg,#00D4FF,#FF0080);border-radius:10px;display:flex;align-items:center;justify-content:center;font-size:1.2rem;\">&#x1f504;<\/div>\n<div>\n<h4 style=\"font-size:1.1rem;margin:0 0 5px 0;color:#23282d;\">Revisi\u00f3n m\u00e1s r\u00e1pida<\/h4>\n<p style=\"color:#6B7280;margin:0;font-size:0.95rem;\">Ajusta, reescribe y mejora textos sin perder tiempo en procesos lentos.<\/p>\n<\/div>\n<\/div>\n<div style=\"display:flex;gap:15px;align-items:flex-start;margin-bottom:22px;\">\n<div style=\"min-width:40px;height:40px;background:linear-gradient(135deg,#00D4FF,#FF0080);border-radius:10px;display:flex;align-items:center;justify-content:center;font-size:1.2rem;\">&#x1f680;<\/div>\n<div>\n<h4 style=\"font-size:1.1rem;margin:0 0 5px 0;color:#23282d;\">Base escalable<\/h4>\n<p style=\"color:#6B7280;margin:0;font-size:0.95rem;\">Empieza con una soluci\u00f3n pr\u00e1ctica hoy y evoluciona luego hacia flujos editoriales m\u00e1s avanzados.<\/p>\n<\/div>\n<\/div>\n<\/div>\n\n\t\t<\/div>\n\t\t\t\t\t<\/div>\n\n\t\n\n<\/div>\n\n\t\t<\/div>\n\n\t\t\n<style>\n#section_1309249422 {\n  padding-top: 45px;\n  padding-bottom: 45px;\n  background-color: #ffffff;\n}\n@media (min-width:850px) {\n  #section_1309249422 {\n    padding-top: 30px;\n    padding-bottom: 30px;\n  }\n}\n<\/style>\n\t<\/section>\n\t\n\n\t<section class=\"section\" id=\"section_448464594\">\n\t\t<div class=\"section-bg fill\" >\n\t\t\t\t\t\t\t\t\t\n\t\t\t\n\n\t\t<\/div>\n\n\t\t\n\n\t\t<div class=\"section-content relative\">\n\t\t\t\n\n<div class=\"row align-center\"  id=\"row-149646024\">\n\n\n\t<div id=\"col-1894127255\" class=\"col medium-10 small-12 large-10\"  >\n\t\t\t\t<div class=\"col-inner text-center\"  >\n\t\t\t\n\t\t\t\n\n\t<div id=\"text-3927178472\" class=\"text\">\n\t\t\n\n<h2 style=\"font-weight:800;margin:0;\"><span style=\"background: linear-gradient(135deg, #00D4FF, #FF0080); -webkit-background-clip:text; -webkit-text-fill-color:transparent;\">aiContent<\/span> Core Capabilities<\/h2>\n\t\t\n<style>\n#text-3927178472 {\n  font-size: 1.8rem;\n  text-align: center;\n}\n@media (min-width:850px) {\n  #text-3927178472 {\n    font-size: 2.2rem;\n  }\n}\n<\/style>\n\t<\/div>\n\t\n\t<div id=\"gap-1668541791\" class=\"gap-element clearfix\" style=\"display:block; height:auto;\">\n\t\t\n<style>\n#gap-1668541791 {\n  padding-top: 15px;\n}\n<\/style>\n\t<\/div>\n\t\n\n\t<div id=\"text-3180835910\" class=\"text\">\n\t\t\n\n<p>A ready-made foundation to improve the quality of content, facilitate revisions, and reinforce the real value of each piece published.<\/p>\n\t\t\n<style>\n#text-3180835910 {\n  font-size: 1.1rem;\n  text-align: center;\n  color: rgb(107, 114, 128);\n}\n#text-3180835910 > * {\n  color: rgb(107, 114, 128);\n}\n<\/style>\n\t<\/div>\n\t\n\t<div id=\"gap-509878097\" class=\"gap-element clearfix\" style=\"display:block; height:auto;\">\n\t\t\n<style>\n#gap-509878097 {\n  padding-top: 45px;\n}\n<\/style>\n\t<\/div>\n\t\n\n\t\t<\/div>\n\t\t\t\t\t<\/div>\n\n\t\n\n<\/div>\n<div class=\"row align-center\"  id=\"row-920676331\">\n\n\t<div id=\"col-1153015146\" class=\"col medium-4 small-12 large-4\"  >\n\t\t\t\t<div class=\"col-inner\"  >\n\t\t\t\n\t\t\t\n\n<div style=\"background:#fff;padding:34px 26px;border-radius:20px;box-shadow:0 4px 15px rgba(0,0,0,0.08);text-align:center;height:100%;\">\n<div style=\"width:74px;height:74px;background:linear-gradient(135deg,#00D4FF,#9B59B6,#FF0080);border-radius:16px;display:flex;align-items:center;justify-content:center;font-size:2rem;margin:0 auto 18px;\">&#x1f9f1;<\/div>\n<h3 style=\"font-size:1.25rem;margin-bottom:10px;color:#23282d;\">Base s\u00f3lida editorial<\/h3>\n<p style=\"color:#6B7280;margin:0;font-size:1rem;\">Empieza con una estructura clara para producir contenido con m\u00e1s orden y consistencia.<\/p>\n<\/div>\n\n\t\t<\/div>\n\t\t\t\t\n<style>\n#col-1153015146 > .col-inner {\n  padding: 15px;\n}\n<\/style>\n\t<\/div>\n\n\t\n\n\t<div id=\"col-298025521\" class=\"col medium-4 small-12 large-4\"  >\n\t\t\t\t<div class=\"col-inner\"  >\n\t\t\t\n\t\t\t\n\n<div style=\"background:#fff;padding:34px 26px;border-radius:20px;box-shadow:0 4px 15px rgba(0,0,0,0.08);text-align:center;height:100%;\">\n<div style=\"width:74px;height:74px;background:linear-gradient(135deg,#00D4FF,#9B59B6,#FF0080);border-radius:16px;display:flex;align-items:center;justify-content:center;font-size:2rem;margin:0 auto 18px;\">&#x1f504;<\/div>\n<h3 style=\"font-size:1.25rem;margin-bottom:10px;color:#23282d;\">Iteraci\u00f3n progresiva<\/h3>\n<p style=\"color:#6B7280;margin:0;font-size:1rem;\">Refina borradores y mejora piezas existentes sin rehacerlo todo.<\/p>\n<\/div>\n\n\t\t<\/div>\n\t\t\t\t\n<style>\n#col-298025521 > .col-inner {\n  padding: 15px;\n}\n<\/style>\n\t<\/div>\n\n\t\n\n\t<div id=\"col-1508003298\" class=\"col medium-4 small-12 large-4\"  >\n\t\t\t\t<div class=\"col-inner\"  >\n\t\t\t\n\t\t\t\n\n<div style=\"background:#fff;padding:34px 26px;border-radius:20px;box-shadow:0 4px 15px rgba(0,0,0,0.08);text-align:center;height:100%;\">\n<div style=\"width:74px;height:74px;background:linear-gradient(135deg,#00D4FF,#9B59B6,#FF0080);border-radius:16px;display:flex;align-items:center;justify-content:center;font-size:2rem;margin:0 auto 18px;\">&#x1f4ca;<\/div>\n<h3 style=\"font-size:1.25rem;margin-bottom:10px;color:#23282d;\">M\u00e1s control sobre calidad y foco<\/h3>\n<p style=\"color:#6B7280;margin:0;font-size:1rem;\">Ten una visi\u00f3n m\u00e1s clara de qu\u00e9 necesita cada texto para cumplir mejor su objetivo.<\/p>\n<\/div>\n\n\t\t<\/div>\n\t\t\t\t\n<style>\n#col-1508003298 > .col-inner {\n  padding: 15px;\n}\n<\/style>\n\t<\/div>\n\n\t\n<\/div>\n<div class=\"row align-center\"  id=\"row-112134914\">\n\n\t<div id=\"col-1434203576\" class=\"col medium-4 small-12 large-4\"  >\n\t\t\t\t<div class=\"col-inner\"  >\n\t\t\t\n\t\t\t\n\n<div style=\"background:#fff;padding:34px 26px;border-radius:20px;box-shadow:0 4px 15px rgba(0,0,0,0.08);text-align:center;height:100%;\">\n<div style=\"width:74px;height:74px;background:linear-gradient(135deg,#00D4FF,#9B59B6,#FF0080);border-radius:16px;display:flex;align-items:center;justify-content:center;font-size:2rem;margin:0 auto 18px;\">&#x1f6e0;&#xfe0f;<\/div>\n<h3 style=\"font-size:1.25rem;margin-bottom:10px;color:#23282d;\">Entorno preparado para crecer<\/h3>\n<p style=\"color:#6B7280;margin:0;font-size:1rem;\">aiContent te sirve como base para una operaci\u00f3n editorial cada vez m\u00e1s eficiente.<\/p>\n<\/div>\n\n\t\t<\/div>\n\t\t\t\t\n<style>\n#col-1434203576 > .col-inner {\n  padding: 15px;\n}\n<\/style>\n\t<\/div>\n\n\t\n\n\t<div id=\"col-853062421\" class=\"col medium-4 small-12 large-4\"  >\n\t\t\t\t<div class=\"col-inner\"  >\n\t\t\t\n\t\t\t\n\n<div style=\"background:#fff;padding:34px 26px;border-radius:20px;box-shadow:0 4px 15px rgba(0,0,0,0.08);text-align:center;height:100%;\">\n<div style=\"width:74px;height:74px;background:linear-gradient(135deg,#00D4FF,#9B59B6,#FF0080);border-radius:16px;display:flex;align-items:center;justify-content:center;font-size:2rem;margin:0 auto 18px;\">&#x1f510;<\/div>\n<h3 style=\"font-size:1.25rem;margin-bottom:10px;color:#23282d;\">Acceso guiado<\/h3>\n<p style=\"color:#6B7280;margin:0;font-size:1rem;\">Trabaja con una herramienta pensada para ayudarte a escribir mejor sin complejidad innecesaria.<\/p>\n<\/div>\n\n\t\t<\/div>\n\t\t\t\t\n<style>\n#col-853062421 > .col-inner {\n  padding: 15px;\n}\n<\/style>\n\t<\/div>\n\n\t\n\n\t<div id=\"col-130031567\" class=\"col medium-4 small-12 large-4\"  >\n\t\t\t\t<div class=\"col-inner\"  >\n\t\t\t\n\t\t\t\n\n<div style=\"background:#fff;padding:34px 26px;border-radius:20px;box-shadow:0 4px 15px rgba(0,0,0,0.08);text-align:center;height:100%;\">\n<div style=\"width:74px;height:74px;background:linear-gradient(135deg,#00D4FF,#9B59B6,#FF0080);border-radius:16px;display:flex;align-items:center;justify-content:center;font-size:2rem;margin:0 auto 18px;\">&#x1f3af;<\/div>\n<h3 style=\"font-size:1.25rem;margin-bottom:10px;color:#23282d;\">Pensado para publicar mejor<\/h3>\n<p style=\"color:#6B7280;margin:0;font-size:1rem;\">Ideal para equipos que necesitan producir contenido \u00fatil, r\u00e1pido y con m\u00e1s criterio.<\/p>\n<\/div>\n\n\t\t<\/div>\n\t\t\t\t\n<style>\n#col-130031567 > .col-inner {\n  padding: 15px;\n}\n<\/style>\n\t<\/div>\n\n\t\n<\/div>\n\n\t\t<\/div>\n\n\t\t\n<style>\n#section_448464594 {\n  padding-top: 45px;\n  padding-bottom: 45px;\n  background-color: #f9fafb;\n}\n@media (min-width:850px) {\n  #section_448464594 {\n    padding-top: 70px;\n    padding-bottom: 70px;\n  }\n}\n<\/style>\n\t<\/section>\n\t\n\n\t<section class=\"section\" id=\"section_1530892627\">\n\t\t<div class=\"section-bg fill\" >\n\t\t\t\t\t\t\t\t\t\n\t\t\t\n\n\t\t<\/div>\n\n\t\t\n\n\t\t<div class=\"section-content relative\">\n\t\t\t\n\n<div class=\"row align-center\"  id=\"row-1440247887\">\n\n\n\t<div id=\"col-14742600\" class=\"col medium-10 small-12 large-10\"  >\n\t\t\t\t<div class=\"col-inner text-center\"  >\n\t\t\t\n\t\t\t\n\n\t<div id=\"text-374568522\" class=\"text\">\n\t\t\n\n<h2 style=\"font-weight:800;margin:0;color:#fff;\">Ready to get started with <span style=\"background: linear-gradient(135deg, #00D4FF, #FF0080); -webkit-background-clip:text; -webkit-text-fill-color:transparent;\">aiContent<\/span>?<\/h2>\n\t\t\n<style>\n#text-374568522 {\n  font-size: 1.7rem;\n  text-align: center;\n}\n@media (min-width:850px) {\n  #text-374568522 {\n    font-size: 2.1rem;\n  }\n}\n<\/style>\n\t<\/div>\n\t\n\t<div id=\"gap-933560583\" class=\"gap-element clearfix\" style=\"display:block; height:auto;\">\n\t\t\n<style>\n#gap-933560583 {\n  padding-top: 12px;\n}\n<\/style>\n\t<\/div>\n\t\n\n\t<div id=\"text-816703601\" class=\"text\">\n\t\t\n\n<p style=\"color:rgba(255,255,255,0.7);\">Take the first step towards clearer, more useful and better prepared content to position, sell and communicate.<\/p>\n\t\t\n<style>\n#text-816703601 {\n  font-size: 1.1rem;\n  text-align: center;\n}\n<\/style>\n\t<\/div>\n\t\n\t<div id=\"gap-420727584\" class=\"gap-element clearfix\" style=\"display:block; height:auto;\">\n\t\t\n<style>\n#gap-420727584 {\n  padding-top: 25px;\n}\n<\/style>\n\t<\/div>\n\t\n\n<a href=\"#ir-a-chat\" class=\"button white is-fill is-large\" >\n\t\t<span>&amp;#x1f449; COMENZAR<\/span>\n\t<\/a>\n\n\n\t\t<\/div>\n\t\t\t\t\t<\/div>\n\n\t\n\n<\/div>\n\n\t\t<\/div>\n\n\t\t\n<style>\n#section_1530892627 {\n  padding-top: 45px;\n  padding-bottom: 45px;\n  background-color: rgb(26, 26, 46);\n}\n@media (min-width:850px) {\n  #section_1530892627 {\n    padding-top: 70px;\n    padding-bottom: 70px;\n  }\n}\n<\/style>\n\t<\/section>\n\t\n\n\t<section class=\"section\" id=\"section_1270176674\">\n\t\t<div class=\"section-bg fill\" >\n\t\t\t\t\t\t\t\t\t\n\t\t\t\n\n\t\t<\/div>\n\n\t\t\n\n\t\t<div class=\"section-content relative\">\n\t\t\t\n\n<div class=\"row align-center\"  id=\"row-382373349\">\n\n\n\t<div id=\"col-828371224\" class=\"col medium-10 small-12 large-10\"  >\n\t\t\t\t<div class=\"col-inner text-center\"  >\n\t\t\t\n\t\t\t\n\n\t<div id=\"gap-452020183\" class=\"gap-element clearfix\" style=\"display:block; height:auto;\">\n\t\t\n<style>\n#gap-452020183 {\n  padding-top: 28px;\n}\n<\/style>\n\t<\/div>\n\t\n\n\t<div id=\"text-2586117503\" class=\"text\">\n\t\t\n\n<h2 style=\"font-weight:800;margin:0;color:#9CA3AF;\">Conclusions: why choose <span style=\"background: linear-gradient(135deg, #00D4FF, #FF0080); -webkit-background-clip:text; -webkit-text-fill-color:transparent;\">aiContent<\/span><\/h2>\n\t\t\n<style>\n#text-2586117503 {\n  font-size: 1.8rem;\n  text-align: center;\n}\n@media (min-width:850px) {\n  #text-2586117503 {\n    font-size: 2.2rem;\n  }\n}\n<\/style>\n\t<\/div>\n\t\n\t<div id=\"gap-228691016\" class=\"gap-element clearfix\" style=\"display:block; height:auto;\">\n\t\t\n<style>\n#gap-228691016 {\n  padding-top: 18px;\n}\n<\/style>\n\t<\/div>\n\t\n\n\t<div id=\"text-2552549582\" class=\"text\">\n\t\t\n\n<p>If you&#8217;re looking for a clear solution to produce content faster and more judiciously, aiContent gives you a useful foundation to write better and move forward better.<\/p>\n\t\t\n<style>\n#text-2552549582 {\n  font-size: 1.1rem;\n  text-align: center;\n  color: rgb(107, 114, 128);\n}\n#text-2552549582 > * {\n  color: rgb(107, 114, 128);\n}\n<\/style>\n\t<\/div>\n\t\n\t<div id=\"gap-354337225\" class=\"gap-element clearfix\" style=\"display:block; height:auto;\">\n\t\t\n<style>\n#gap-354337225 {\n  padding-top: 35px;\n}\n<\/style>\n\t<\/div>\n\t\n\n\t\t<\/div>\n\t\t\t\t\t<\/div>\n\n\t\n\n<\/div>\n<div class=\"row\"  id=\"row-1872854074\">\n\n\n\t<div id=\"col-26898300\" class=\"col medium-10 small-12 large-10\"  >\n\t\t\t\t<div class=\"col-inner\"  >\n\t\t\t\n\t\t\t\n\n<ul>\n<li><strong>Ideal for:<\/strong> articles, landings, copy, files, SEO content, commercial pieces and editorial review.<\/li>\n<li><strong>Best fit: Businesses<\/strong> , marketers, agencies, and teams that need to create or improve content on an ongoing basis.<\/li>\n<li><strong>Next step:<\/strong> Turn on access, test aiContent, and turn drafts into clearer, more useful pieces.<\/li>\n<\/ul>\n<p><em>aiContent: a clear basis for better decision, better execution and growth with more criteria.<\/em><\/p>\n\n\t\t<\/div>\n\t\t\t\t\t<\/div>\n\n\t\n\n<\/div>\n\n\t\t<\/div>\n\n\t\t\n<style>\n#section_1270176674 {\n  padding-top: 45px;\n  padding-bottom: 45px;\n  background-color: #ffffff;\n}\n@media (min-width:850px) {\n  #section_1270176674 {\n    padding-top: 70px;\n    padding-bottom: 70px;\n  }\n}\n<\/style>\n\t<\/section>\n\t\n\n","protected":false},"excerpt":{"rendered":"","protected":false},"author":1002330,"featured_media":0,"parent":0,"menu_order":0,"comment_status":"closed","ping_status":"closed","template":"page-blank.php","meta":{"pmpro_default_level":"","footnotes":""},"class_list":["post-27251","page","type-page","status-publish","hentry","pmpro-has-access"],"_links":{"self":[{"href":"https:\/\/360group.ai\/en\/wp-json\/wp\/v2\/pages\/27251","targetHints":{"allow":["GET"]}}],"collection":[{"href":"https:\/\/360group.ai\/en\/wp-json\/wp\/v2\/pages"}],"about":[{"href":"https:\/\/360group.ai\/en\/wp-json\/wp\/v2\/types\/page"}],"author":[{"embeddable":true,"href":"https:\/\/360group.ai\/en\/wp-json\/wp\/v2\/users\/1002330"}],"replies":[{"embeddable":true,"href":"https:\/\/360group.ai\/en\/wp-json\/wp\/v2\/comments?post=27251"}],"version-history":[{"count":9,"href":"https:\/\/360group.ai\/en\/wp-json\/wp\/v2\/pages\/27251\/revisions"}],"predecessor-version":[{"id":31623,"href":"https:\/\/360group.ai\/en\/wp-json\/wp\/v2\/pages\/27251\/revisions\/31623"}],"wp:attachment":[{"href":"https:\/\/360group.ai\/en\/wp-json\/wp\/v2\/media?parent=27251"}],"curies":[{"name":"wp","href":"https:\/\/api.w.org\/{rel}","templated":true}]}}