{"id":26627,"date":"2024-04-14T13:10:30","date_gmt":"2024-04-14T11:10:30","guid":{"rendered":"https:\/\/360group.es\/aiseo\/"},"modified":"2026-04-28T03:50:56","modified_gmt":"2026-04-28T01:50:56","slug":"aiseo","status":"publish","type":"page","link":"https:\/\/360group.ai\/en\/aiseo\/","title":{"rendered":"aiSEO"},"content":{"rendered":"\n<div class=\"slider-wrapper relative\" id=\"slider-938790606\" >\n    <div class=\"slider slider-nav-circle slider-nav-large slider-nav-light slider-style-normal\"\n        data-flickity-options='{\n            \"cellAlign\": \"center\",\n            \"imagesLoaded\": true,\n            \"lazyLoad\": 1,\n            \"freeScroll\": false,\n            \"wrapAround\": true,\n            \"autoPlay\": 6000,\n            \"pauseAutoPlayOnHover\" : true,\n            \"prevNextButtons\": true,\n            \"contain\" : true,\n            \"adaptiveHeight\" : true,\n            \"dragThreshold\" : 10,\n            \"percentPosition\": true,\n            \"pageDots\": true,\n            \"rightToLeft\": false,\n            \"draggable\": true,\n            \"selectedAttraction\": 0.1,\n            \"parallax\" : 0,\n            \"friction\": 0.6        }'\n        >\n        \n\n\n  <div class=\"banner has-hover\" id=\"banner-250449919\">\n          <div class=\"banner-inner fill\">\n        <div class=\"banner-bg fill\" >\n            <img loading=\"lazy\" decoding=\"async\" width=\"1024\" height=\"1024\" src=\"https:\/\/360group.ai\/\/wp-content\/uploads\/bots-artificial-intelligence.png\" class=\"bg attachment-cover size-cover\" alt=\"- | -\" title=\"Servicios Profesionales de para Optimizar Tu Negocio -\">                                    \n                    <\/div>\n\t\t\n        <div class=\"banner-layers container\">\n            <div class=\"fill banner-link\"><\/div>            \n\n   <div id=\"text-box-2139634493\" class=\"text-box banner-layer x50 md-x50 lg-x50 y50 md-y50 lg-y50 res-text\">\n                                <div class=\"text-box-content text dark\">\n              \n              <div class=\"text-inner text-center\">\n                  \n\n\t<div id=\"text-801020219\" class=\"text\">\n\t\t\n\n<h1><span style=\"color: #ffffff; font-size: 75%;\">aiSEO: base inteligente para mejorar tu posicionamiento con m\u00e1s criterio y constancia<\/span><\/h1>\n<p><span style=\"color: rgba(255, 255, 255, 0.85); font-size: 75%;\">Una soluci\u00f3n pr\u00e1ctica para crear contenido m\u00e1s optimizado, mejorar visibilidad y trabajar el SEO con una base m\u00e1s clara, accionable y \u00fatil para el negocio.<\/span><\/p>\n\t\t\n<style>\n#text-801020219 {\n  font-size: 0.75rem;\n  line-height: 1.6;\n}\n@media (min-width:550px) {\n  #text-801020219 {\n    font-size: 0.8rem;\n  }\n}\n<\/style>\n\t<\/div>\n\t\n\t<div id=\"gap-485598565\" class=\"gap-element clearfix\" style=\"display:block; height:auto;\">\n\t\t\n<style>\n#gap-485598565 {\n  padding-top: 10px;\n}\n<\/style>\n\t<\/div>\n\t\n\n              <\/div>\n           <\/div>\n                            \n<style>\n#text-box-2139634493 {\n  width: 100%;\n}\n#text-box-2139634493 .text-box-content {\n  font-size: 100%;\n}\n@media (min-width:850px) {\n  #text-box-2139634493 {\n    width: 100%;\n  }\n}\n<\/style>\n    <\/div>\n \n\n        <\/div>\n      <\/div>\n\n            \n<style>\n#banner-250449919 {\n  padding-top: 240px;\n}\n#banner-250449919 .banner-bg img {\n  object-position: 62% 62%;\n}\n@media (min-width:550px) {\n  #banner-250449919 {\n    padding-top: 110px;\n  }\n}\n<\/style>\n  <\/div>\n\n\n\n     <\/div>\n\n     <div class=\"loading-spin dark large centered\"><\/div>\n\n\t<\/div>\n\n\n\t<div id=\"gap-94247863\" class=\"gap-element clearfix\" style=\"display:block; height:auto;\">\n\t\t\n<style>\n#gap-94247863 {\n  padding-top: 10px;\n}\n@media (min-width:550px) {\n  #gap-94247863 {\n    padding-top: 10px;\n  }\n}\n@media (min-width:850px) {\n  #gap-94247863 {\n    padding-top: 10px;\n  }\n}\n<\/style>\n\t<\/div>\n\t\n\n\n\t<section class=\"section\" id=\"section_38702912\">\n\t\t<div class=\"section-bg fill\" >\n\t\t\t\t\t\t\t\t\t\n\t\t\t\n\n\t\t<\/div>\n\n\t\t\n\n\t\t<div class=\"section-content relative\">\n\t\t\t\n\n<div class=\"row align-center\"  id=\"row-914825696\">\n\n\n\t<div id=\"col-928233498\" class=\"col medium-10 small-12 large-10\"  >\n\t\t\t\t<div class=\"col-inner text-center\"  >\n\t\t\t\n\t\t\t\n\n\t<div id=\"text-1835254004\" class=\"text\">\n\t\t\n\n<h2 id=\"ir-a-chat\" style=\"font-weight:800;margin:0;\">As\u00ed impulsa <span style=\"background: linear-gradient(135deg, #00D4FF, #FF0080); -webkit-background-clip:text; -webkit-text-fill-color:transparent;\">aiSEO<\/span> tu posicionamiento<\/h2>\n\t\t\n<style>\n#text-1835254004 {\n  font-size: 1.8rem;\n  text-align: center;\n}\n@media (min-width:850px) {\n  #text-1835254004 {\n    font-size: 2.2rem;\n  }\n}\n<\/style>\n\t<\/div>\n\t\n\t<div id=\"gap-1092516475\" class=\"gap-element clearfix\" style=\"display:block; height:auto;\">\n\t\t\n<style>\n#gap-1092516475 {\n  padding-top: 15px;\n}\n<\/style>\n\t<\/div>\n\t\n\n\t<div id=\"text-300152349\" class=\"text\">\n\t\t\n\n<p>aiSEO te ayuda a trabajar el posicionamiento con una base m\u00e1s clara. Mejora contenidos, detecta oportunidades, ordena prioridades y facilita decisiones SEO con m\u00e1s criterio y menos fricci\u00f3n.<\/p>\n\t\t\n<style>\n#text-300152349 {\n  font-size: 1.1rem;\n  text-align: center;\n  color: rgb(107, 114, 128);\n}\n#text-300152349 > * {\n  color: rgb(107, 114, 128);\n}\n<\/style>\n\t<\/div>\n\t\n\t<div id=\"text-3120559521\" class=\"text\">\n\t\t\n\n\n<p><a style=\"display: inline-block; width: 100%; max-width: 720px; text-decoration: none; border-radius: 14px; padding: 18px 22px; line-height: 1.15; background: linear-gradient(90deg,#1ecbff 0%,#ff2a8a 100%); box-shadow: 0 10px 18px rgba(0,0,0,0.18);\" href=\"https:\/\/360group.ai\/suscripciones\/\"><span style=\"display: block; font-weight: bold; font-size: 20px; color: #ffffff; margin-bottom: 6px;\">&#x1f513; Desbloquea aiSEO<\/span><span style=\"display: block; font-weight: 500; font-size: 14px; color: rgba(255,255,255,0.92);\">Activa el plan Business y accede a una IA m\u00e1s potente para optimizar tu SEO.<\/span><\/a><\/p>\n<p>Da un paso m\u00e1s con <strong>360 Group<\/strong> y descubre c\u00f3mo una <strong>inteligencia artificial avanzada<\/strong> puede ayudarte a mejorar contenidos, detectar oportunidades y optimizar tu estrategia SEO con m\u00e1s contexto.<\/p>\n<p style=\"margin-top: 12px; text-align: center;\"><a style=\"font-weight: 600; font-size: 15px; text-decoration: none; background: linear-gradient(90deg,#1ecbff 0%,#ff2a8a 100%); -webkit-background-clip: text; -webkit-text-fill-color: transparent;\" href=\"https:\/\/360group.ai\/suscripciones\/\">Ver todos los planes \u2192<br \/><\/a><\/p>\n\n\t\t\n<style>\n#text-3120559521 {\n  text-align: center;\n}\n<\/style>\n\t<\/div>\n\t\n\t<div id=\"gap-850537542\" class=\"gap-element clearfix\" style=\"display:block; height:auto;\">\n\t\t\n<style>\n#gap-850537542 {\n  padding-top: 35px;\n}\n<\/style>\n\t<\/div>\n\t\n\n\t\t<\/div>\n\t\t\t\t\t<\/div>\n\n\t\n\n<\/div>\n<div class=\"row align-middle align-center\"  id=\"row-1617184701\">\n\n\n\t<div id=\"col-384790487\" class=\"col medium-6 small-12 large-6\"  >\n\t\t\t\t<div class=\"col-inner text-center\"  >\n\t\t\t\n\t\t\t\n\n<div style=\"background:#fff;border-radius:20px;box-shadow:0 25px 50px rgba(0,0,0,0.15),0 0 40px rgba(0,212,255,0.2);padding:24px;max-width:520px;margin:0 auto;\">\n<div style=\"display:flex;align-items:center;gap:12px;padding-bottom:16px;border-bottom:1px solid #f3f4f6;margin-bottom:16px;\">\n<div style=\"width:48px;height:48px;background:linear-gradient(135deg,#00D4FF,#FF0080);border-radius:50%;display:flex;align-items:center;justify-content:center;font-size:1.5rem;\">&#x1f4c8;<\/div>\n<div>\n<div style=\"font-weight:600;font-size:1rem;\">aiSEO<\/div>\n<div style=\"font-size:0.85rem;color:#22C55E;display:flex;align-items:center;gap:6px;\">\n<span style=\"width:8px;height:8px;background:#22C55E;border-radius:50%;display:inline-block;\"><\/span> Disponible\n<\/div>\n<\/div>\n<\/div>\n<div style=\"display:flex;flex-direction:column;gap:12px;\">\n<div style=\"background:#f3f4f6;padding:12px 16px;border-radius:16px 16px 16px 4px;font-size:0.95rem;max-width:92%;\">Empieza con una base preparada para optimizar tu contenido, mejorar visibilidad y trabajar el posicionamiento con m\u00e1s orden y claridad.<\/div>\n<div style=\"background:linear-gradient(135deg,#00D4FF,#FF0080);color:#fff;padding:12px 16px;border-radius:16px 16px 4px 16px;font-size:0.95rem;max-width:85%;align-self:flex-end;\">Quiero mejorar mi SEO y crear contenido m\u00e1s optimizado sin complicarme.<\/div>\n<div style=\"background:#f3f4f6;padding:12px 16px;border-radius:16px 16px 16px 4px;font-size:0.95rem;max-width:92%;\">aiSEO est\u00e1 pensado para eso: ayudarte a ordenar prioridades, reforzar tu contenido y tomar mejores decisiones para ganar visibilidad.<\/div>\n<div style=\"background:linear-gradient(135deg,#00D4FF,#FF0080);color:#fff;padding:12px 16px;border-radius:16px 16px 4px 16px;font-size:0.95rem;max-width:85%;align-self:flex-end;\">Tambi\u00e9n quiero una base \u00fatil para escalar mi estrategia de posicionamiento.<\/div>\n<div style=\"background:#f3f4f6;padding:12px 16px;border-radius:16px 16px 16px 4px;font-size:0.95rem;max-width:92%;\">Perfecto: aiSEO te ayuda a mejorar el presente y preparar tu estrategia para acciones m\u00e1s avanzadas cuando lo necesites.<\/div>\n<\/div>\n<div style=\"display:flex;gap:8px;margin-top:16px;padding-top:16px;border-top:1px solid #f3f4f6;\">\n<input type=\"text\" placeholder=\"Empieza a mejorar tu SEO...\" style=\"flex:1;padding:12px 16px;border:1px solid #f3f4f6;border-radius:12px;font-size:0.95rem;\" readonly=\"\" \/>\n<div style=\"width:92px;height:44px;background:linear-gradient(135deg,#00D4FF,#FF0080);border-radius:12px;display:flex;align-items:center;justify-content:center;color:white;font-size:0.95rem;font-weight:600;\">INICIAR<\/div>\n<\/div>\n<\/div>\n\n\t\t<\/div>\n\t\t\t\t\t<\/div>\n\n\t\n\n\t<div id=\"col-1225146678\" class=\"col medium-6 small-12 large-6\"  >\n\t\t\t\t<div class=\"col-inner\"  >\n\t\t\t\n\t\t\t\n\n<div style=\"padding:20px;\">\n<h3 style=\"font-size:1.5rem;margin-bottom:22px;color:#23282d;\">\u00bfQu\u00e9 te ofrece aiSEO?<\/h3>\n<div style=\"display:flex;gap:15px;align-items:flex-start;margin-bottom:22px;\">\n<div style=\"min-width:40px;height:40px;background:linear-gradient(135deg,#00D4FF,#FF0080);border-radius:10px;display:flex;align-items:center;justify-content:center;font-size:1.2rem;\">&#x1f4dd;<\/div>\n<div>\n<h4 style=\"font-size:1.1rem;margin:0 0 5px 0;color:#23282d;\">Contenido mejor enfocado<\/h4>\n<p style=\"color:#6B7280;margin:0;font-size:0.95rem;\">Trabaja textos m\u00e1s claros, relevantes y mejor alineados con intenci\u00f3n de b\u00fasqueda y posicionamiento.<\/p>\n<\/div>\n<\/div>\n<div style=\"display:flex;gap:15px;align-items:flex-start;margin-bottom:22px;\">\n<div style=\"min-width:40px;height:40px;background:linear-gradient(135deg,#00D4FF,#FF0080);border-radius:10px;display:flex;align-items:center;justify-content:center;font-size:1.2rem;\">&#x1f50d;<\/div>\n<div>\n<h4 style=\"font-size:1.1rem;margin:0 0 5px 0;color:#23282d;\">M\u00e1s visibilidad potencial<\/h4>\n<p style=\"color:#6B7280;margin:0;font-size:0.95rem;\">Detecta mejoras y oportunidades para hacer tu contenido m\u00e1s competitivo en buscadores.<\/p>\n<\/div>\n<\/div>\n<div style=\"display:flex;gap:15px;align-items:flex-start;margin-bottom:22px;\">\n<div style=\"min-width:40px;height:40px;background:linear-gradient(135deg,#00D4FF,#FF0080);border-radius:10px;display:flex;align-items:center;justify-content:center;font-size:1.2rem;\">&#x1f4ca;<\/div>\n<div>\n<h4 style=\"font-size:1.1rem;margin:0 0 5px 0;color:#23282d;\">Prioridades m\u00e1s claras<\/h4>\n<p style=\"color:#6B7280;margin:0;font-size:0.95rem;\">Ordena acciones SEO y decide qu\u00e9 atacar primero para ganar impacto con menos fricci\u00f3n.<\/p>\n<\/div>\n<\/div>\n<div style=\"display:flex;gap:15px;align-items:flex-start;\">\n<div style=\"min-width:40px;height:40px;background:linear-gradient(135deg,#00D4FF,#FF0080);border-radius:10px;display:flex;align-items:center;justify-content:center;font-size:1.2rem;\">&#x1f680;<\/div>\n<div>\n<h4 style=\"font-size:1.1rem;margin:0 0 5px 0;color:#23282d;\">Base escalable<\/h4>\n<p style=\"color:#6B7280;margin:0;font-size:0.95rem;\">Empieza con una soluci\u00f3n pr\u00e1ctica hoy y evoluciona despu\u00e9s hacia una estrategia m\u00e1s avanzada.<\/p>\n<\/div>\n<\/div>\n<\/div>\n\n\t\t<\/div>\n\t\t\t\t\t<\/div>\n\n\t\n\n<\/div>\n\n\t\t<\/div>\n\n\t\t\n<style>\n#section_38702912 {\n  padding-top: 45px;\n  padding-bottom: 45px;\n  background-color: #ffffff;\n}\n@media (min-width:850px) {\n  #section_38702912 {\n    padding-top: 30px;\n    padding-bottom: 30px;\n  }\n}\n<\/style>\n\t<\/section>\n\t\n\n\t<section class=\"section\" id=\"section_91893131\">\n\t\t<div class=\"section-bg fill\" >\n\t\t\t\t\t\t\t\t\t\n\t\t\t\n\n\t\t<\/div>\n\n\t\t\n\n\t\t<div class=\"section-content relative\">\n\t\t\t\n\n<div class=\"row align-center\"  id=\"row-1501123431\">\n\n\n\t<div id=\"col-877528113\" class=\"col medium-10 small-12 large-10\"  >\n\t\t\t\t<div class=\"col-inner text-center\"  >\n\t\t\t\n\t\t\t\n\n\t<div id=\"text-3242072011\" class=\"text\">\n\t\t\n\n<h2 style=\"font-weight:800;margin:0;\">Capacidades principales de <span style=\"background: linear-gradient(135deg, #00D4FF, #FF0080); -webkit-background-clip:text; -webkit-text-fill-color:transparent;\">aiSEO<\/span><\/h2>\n\t\t\n<style>\n#text-3242072011 {\n  font-size: 1.8rem;\n  text-align: center;\n}\n@media (min-width:850px) {\n  #text-3242072011 {\n    font-size: 2.2rem;\n  }\n}\n<\/style>\n\t<\/div>\n\t\n\t<div id=\"gap-1489770702\" class=\"gap-element clearfix\" style=\"display:block; height:auto;\">\n\t\t\n<style>\n#gap-1489770702 {\n  padding-top: 15px;\n}\n<\/style>\n\t<\/div>\n\t\n\n\t<div id=\"text-596163573\" class=\"text\">\n\t\t\n\n<p>Una base preparada para mejorar contenido, optimizar posicionamiento y facilitar una evoluci\u00f3n SEO m\u00e1s clara y sostenida.<\/p>\n\t\t\n<style>\n#text-596163573 {\n  font-size: 1.1rem;\n  text-align: center;\n  color: rgb(107, 114, 128);\n}\n#text-596163573 > * {\n  color: rgb(107, 114, 128);\n}\n<\/style>\n\t<\/div>\n\t\n\t<div id=\"gap-945626905\" class=\"gap-element clearfix\" style=\"display:block; height:auto;\">\n\t\t\n<style>\n#gap-945626905 {\n  padding-top: 45px;\n}\n<\/style>\n\t<\/div>\n\t\n\n\t\t<\/div>\n\t\t\t\t\t<\/div>\n\n\t\n\n<\/div>\n<div class=\"row align-center\"  id=\"row-149639628\">\n\n\n\t<div id=\"col-1829779138\" class=\"col medium-4 small-12 large-4\"  >\n\t\t\t\t<div class=\"col-inner\"  >\n\t\t\t\n\t\t\t\n\n<div style=\"background:#fff;padding:34px 26px;border-radius:20px;box-shadow:0 4px 15px rgba(0,0,0,0.08);text-align:center;height:100%;\">\n<div style=\"width:74px;height:74px;background:linear-gradient(135deg,#00D4FF,#9B59B6,#FF0080);border-radius:16px;display:flex;align-items:center;justify-content:center;font-size:2rem;margin:0 auto 18px;\">&#x1f9f1;<\/div>\n<h3 style=\"font-size:1.25rem;margin-bottom:10px;color:#23282d;\">Base s\u00f3lida de contenido<\/h3>\n<p style=\"color:#6B7280;margin:0;font-size:1rem;\">Empieza con una estructura clara para trabajar textos y p\u00e1ginas con m\u00e1s foco SEO.<\/p>\n<\/div>\n\n\t\t<\/div>\n\t\t\t\t\n<style>\n#col-1829779138 > .col-inner {\n  padding: 15px;\n}\n<\/style>\n\t<\/div>\n\n\t\n\n\t<div id=\"col-1296138761\" class=\"col medium-4 small-12 large-4\"  >\n\t\t\t\t<div class=\"col-inner\"  >\n\t\t\t\n\t\t\t\n\n<div style=\"background:#fff;padding:34px 26px;border-radius:20px;box-shadow:0 4px 15px rgba(0,0,0,0.08);text-align:center;height:100%;\">\n<div style=\"width:74px;height:74px;background:linear-gradient(135deg,#00D4FF,#9B59B6,#FF0080);border-radius:16px;display:flex;align-items:center;justify-content:center;font-size:2rem;margin:0 auto 18px;\">&#x1f504;<\/div>\n<h3 style=\"font-size:1.25rem;margin-bottom:10px;color:#23282d;\">Optimizaci\u00f3n progresiva<\/h3>\n<p style=\"color:#6B7280;margin:0;font-size:1rem;\">Mejora tus p\u00e1ginas y refuerza tu estrategia sin tener que rehacerlo todo desde cero.<\/p>\n<\/div>\n\n\t\t<\/div>\n\t\t\t\t\n<style>\n#col-1296138761 > .col-inner {\n  padding: 15px;\n}\n<\/style>\n\t<\/div>\n\n\t\n\n\t<div id=\"col-627407365\" class=\"col medium-4 small-12 large-4\"  >\n\t\t\t\t<div class=\"col-inner\"  >\n\t\t\t\n\t\t\t\n\n<div style=\"background:#fff;padding:34px 26px;border-radius:20px;box-shadow:0 4px 15px rgba(0,0,0,0.08);text-align:center;height:100%;\">\n<div style=\"width:74px;height:74px;background:linear-gradient(135deg,#00D4FF,#9B59B6,#FF0080);border-radius:16px;display:flex;align-items:center;justify-content:center;font-size:2rem;margin:0 auto 18px;\">&#x1f4ca;<\/div>\n<h3 style=\"font-size:1.25rem;margin-bottom:10px;color:#23282d;\">M\u00e1s control de prioridades<\/h3>\n<p style=\"color:#6B7280;margin:0;font-size:1rem;\">Ten una visi\u00f3n m\u00e1s clara de oportunidades, mejoras y tareas para decidir mejor.<\/p>\n<\/div>\n\n\t\t<\/div>\n\t\t\t\t\n<style>\n#col-627407365 > .col-inner {\n  padding: 15px;\n}\n<\/style>\n\t<\/div>\n\n\t\n\n<\/div>\n<div class=\"row align-center\"  id=\"row-1604805040\">\n\n\n\t<div id=\"col-808255270\" class=\"col medium-4 small-12 large-4\"  >\n\t\t\t\t<div class=\"col-inner\"  >\n\t\t\t\n\t\t\t\n\n<div style=\"background:#fff;padding:34px 26px;border-radius:20px;box-shadow:0 4px 15px rgba(0,0,0,0.08);text-align:center;height:100%;\">\n<div style=\"width:74px;height:74px;background:linear-gradient(135deg,#00D4FF,#9B59B6,#FF0080);border-radius:16px;display:flex;align-items:center;justify-content:center;font-size:2rem;margin:0 auto 18px;\">&#x1f6e0;&#xfe0f;<\/div>\n<h3 style=\"font-size:1.25rem;margin-bottom:10px;color:#23282d;\">Entorno preparado para crecer<\/h3>\n<p style=\"color:#6B7280;margin:0;font-size:1rem;\">aiSEO no es solo una acci\u00f3n puntual, sino una base para evolucionar tu estrategia de posicionamiento.<\/p>\n<\/div>\n\n\t\t<\/div>\n\t\t\t\t\n<style>\n#col-808255270 > .col-inner {\n  padding: 15px;\n}\n<\/style>\n\t<\/div>\n\n\t\n\n\t<div id=\"col-529136511\" class=\"col medium-4 small-12 large-4\"  >\n\t\t\t\t<div class=\"col-inner\"  >\n\t\t\t\n\t\t\t\n\n<div style=\"background:#fff;padding:34px 26px;border-radius:20px;box-shadow:0 4px 15px rgba(0,0,0,0.08);text-align:center;height:100%;\">\n<div style=\"width:74px;height:74px;background:linear-gradient(135deg,#00D4FF,#9B59B6,#FF0080);border-radius:16px;display:flex;align-items:center;justify-content:center;font-size:2rem;margin:0 auto 18px;\">&#x1f510;<\/div>\n<h3 style=\"font-size:1.25rem;margin-bottom:10px;color:#23282d;\">Acceso guiado y claro<\/h3>\n<p style=\"color:#6B7280;margin:0;font-size:1rem;\">Trabaja con una herramienta pensada para ayudarte a avanzar sin a\u00f1adir m\u00e1s complejidad.<\/p>\n<\/div>\n\n\t\t<\/div>\n\t\t\t\t\n<style>\n#col-529136511 > .col-inner {\n  padding: 15px;\n}\n<\/style>\n\t<\/div>\n\n\t\n\n\t<div id=\"col-1387667405\" class=\"col medium-4 small-12 large-4\"  >\n\t\t\t\t<div class=\"col-inner\"  >\n\t\t\t\n\t\t\t\n\n<div style=\"background:#fff;padding:34px 26px;border-radius:20px;box-shadow:0 4px 15px rgba(0,0,0,0.08);text-align:center;height:100%;\">\n<div style=\"width:74px;height:74px;background:linear-gradient(135deg,#00D4FF,#9B59B6,#FF0080);border-radius:16px;display:flex;align-items:center;justify-content:center;font-size:2rem;margin:0 auto 18px;\">&#x1f3af;<\/div>\n<h3 style=\"font-size:1.25rem;margin-bottom:10px;color:#23282d;\">Pensado para posicionar mejor<\/h3>\n<p style=\"color:#6B7280;margin:0;font-size:1rem;\">Ideal para negocios que quieren mejorar su SEO con una base \u00fatil, clara y escalable.<\/p>\n<\/div>\n\n\t\t<\/div>\n\t\t\t\t\n<style>\n#col-1387667405 > .col-inner {\n  padding: 15px;\n}\n<\/style>\n\t<\/div>\n\n\t\n\n<\/div>\n\n\t\t<\/div>\n\n\t\t\n<style>\n#section_91893131 {\n  padding-top: 45px;\n  padding-bottom: 45px;\n  background-color: #f9fafb;\n}\n@media (min-width:850px) {\n  #section_91893131 {\n    padding-top: 70px;\n    padding-bottom: 70px;\n  }\n}\n<\/style>\n\t<\/section>\n\t\n\n\t<section class=\"section\" id=\"section_1927446565\">\n\t\t<div class=\"section-bg fill\" >\n\t\t\t\t\t\t\t\t\t\n\t\t\t\n\n\t\t<\/div>\n\n\t\t\n\n\t\t<div class=\"section-content relative\">\n\t\t\t\n\n<div class=\"row align-center\"  id=\"row-1469607774\">\n\n\n\t<div id=\"col-289698839\" class=\"col medium-10 small-12 large-10\"  >\n\t\t\t\t<div class=\"col-inner text-center\"  >\n\t\t\t\n\t\t\t\n\n\t<div id=\"text-1706151848\" class=\"text\">\n\t\t\n\n<h2 style=\"font-weight:800;margin:0;color:#fff;\">\u00bfListo para empezar con <span style=\"background: linear-gradient(135deg, #00D4FF, #FF0080); -webkit-background-clip:text; -webkit-text-fill-color:transparent;\">aiSEO<\/span>?<\/h2>\n\t\t\n<style>\n#text-1706151848 {\n  font-size: 1.7rem;\n  text-align: center;\n}\n@media (min-width:850px) {\n  #text-1706151848 {\n    font-size: 2.1rem;\n  }\n}\n<\/style>\n\t<\/div>\n\t\n\t<div id=\"gap-2051529126\" class=\"gap-element clearfix\" style=\"display:block; height:auto;\">\n\t\t\n<style>\n#gap-2051529126 {\n  padding-top: 12px;\n}\n<\/style>\n\t<\/div>\n\t\n\n\t<div id=\"text-1039044905\" class=\"text\">\n\t\t\n\n<p style=\"color:rgba(255,255,255,0.7);\">Da el primer paso hacia una estrategia SEO m\u00e1s clara, eficiente y preparada para crecer con mejor contenido y mejores decisiones.<\/p>\n\t\t\n<style>\n#text-1039044905 {\n  font-size: 1.1rem;\n  text-align: center;\n}\n<\/style>\n\t<\/div>\n\t\n\t<div id=\"gap-628991926\" class=\"gap-element clearfix\" style=\"display:block; height:auto;\">\n\t\t\n<style>\n#gap-628991926 {\n  padding-top: 25px;\n}\n<\/style>\n\t<\/div>\n\t\n\n<a href=\"#ir-a-chat\" class=\"button white is-fill is-large\" >\n\t\t<span>&#x1f449; COMENZAR<\/span>\n\t<\/a>\n\n\n\t\t<\/div>\n\t\t\t\t\t<\/div>\n\n\t\n\n<\/div>\n\n\t\t<\/div>\n\n\t\t\n<style>\n#section_1927446565 {\n  padding-top: 45px;\n  padding-bottom: 45px;\n  background-color: rgb(26, 26, 46);\n}\n@media (min-width:850px) {\n  #section_1927446565 {\n    padding-top: 70px;\n    padding-bottom: 70px;\n  }\n}\n<\/style>\n\t<\/section>\n\t\n\n\t<section class=\"section\" id=\"section_1894943943\">\n\t\t<div class=\"section-bg fill\" >\n\t\t\t\t\t\t\t\t\t\n\t\t\t\n\n\t\t<\/div>\n\n\t\t\n\n\t\t<div class=\"section-content relative\">\n\t\t\t\n\n<div class=\"row align-center\"  id=\"row-1524201322\">\n\n\n\t<div id=\"col-583608091\" class=\"col small-12 large-12\"  >\n\t\t\t\t<div class=\"col-inner text-center\"  >\n\t\t\t\n\t\t\t\n\n\t<div id=\"gap-979911362\" class=\"gap-element clearfix\" style=\"display:block; height:auto;\">\n\t\t\n<style>\n#gap-979911362 {\n  padding-top: 28px;\n}\n<\/style>\n\t<\/div>\n\t\n\n\t<div id=\"text-2040669456\" class=\"text\">\n\t\t\n\n<h2 style=\"font-weight:800;margin:0;color:#9CA3AF;\">Conclusiones: por qu\u00e9 elegir <span style=\"background: linear-gradient(135deg, #00D4FF, #FF0080); -webkit-background-clip:text; -webkit-text-fill-color:transparent;\">aiSEO<\/span><\/h2>\n\t\t\n<style>\n#text-2040669456 {\n  font-size: 1.8rem;\n  text-align: center;\n}\n@media (min-width:850px) {\n  #text-2040669456 {\n    font-size: 2.2rem;\n  }\n}\n<\/style>\n\t<\/div>\n\t\n\t<div id=\"gap-144042775\" class=\"gap-element clearfix\" style=\"display:block; height:auto;\">\n\t\t\n<style>\n#gap-144042775 {\n  padding-top: 18px;\n}\n<\/style>\n\t<\/div>\n\t\n\n\t<div id=\"text-2676157059\" class=\"text\">\n\t\t\n\n<p>Si buscas una soluci\u00f3n clara para mejorar contenido, reforzar visibilidad y avanzar en posicionamiento con m\u00e1s orden y criterio, aiSEO te da una base \u00fatil para empezar bien y crecer mejor.<\/p>\n\t\t\n<style>\n#text-2676157059 {\n  font-size: 1.1rem;\n  text-align: center;\n  color: rgb(107, 114, 128);\n}\n#text-2676157059 > * {\n  color: rgb(107, 114, 128);\n}\n<\/style>\n\t<\/div>\n\t\n\t<div id=\"gap-846138640\" class=\"gap-element clearfix\" style=\"display:block; height:auto;\">\n\t\t\n<style>\n#gap-846138640 {\n  padding-top: 35px;\n}\n<\/style>\n\t<\/div>\n\t\n\n\t\t<\/div>\n\t\t\t\t\t<\/div>\n\n\t\n\n<\/div>\n<div class=\"row\"  id=\"row-728192484\">\n\n\n\t<div id=\"col-1738099133\" class=\"col medium-10 small-12 large-10\"  >\n\t\t\t\t<div class=\"col-inner\"  >\n\t\t\t\n\t\t\t\n\n<ul>\n<li><strong>Ideal para:<\/strong> mejorar textos, reforzar visibilidad, ordenar prioridades SEO y crear una base m\u00e1s s\u00f3lida para posicionar mejor.<\/li>\n<li><strong>Mejor encaje:<\/strong> negocios, marketers, agencias y equipos que quieren trabajar el SEO con m\u00e1s claridad antes de pasar a acciones m\u00e1s avanzadas.<\/li>\n<li><strong>Siguiente paso:<\/strong> activa el acceso, prueba aiSEO y convierte las recomendaciones en mejoras reales para tu estrategia.<\/li>\n<\/ul>\n<p><em>aiSEO: una base clara para posicionar mejor, decidir mejor y crecer con m\u00e1s criterio.<\/em><\/p>\n\n\t\t<\/div>\n\t\t\t\t\t<\/div>\n\n\t\n\n<\/div>\n\n\t\t<\/div>\n\n\t\t\n<style>\n#section_1894943943 {\n  padding-top: 45px;\n  padding-bottom: 45px;\n  background-color: #ffffff;\n}\n@media (min-width:850px) {\n  #section_1894943943 {\n    padding-top: 70px;\n    padding-bottom: 70px;\n  }\n}\n<\/style>\n\t<\/section>\n\t\n\n","protected":false},"excerpt":{"rendered":"","protected":false},"author":1002330,"featured_media":0,"parent":0,"menu_order":0,"comment_status":"closed","ping_status":"closed","template":"page-blank.php","meta":{"pmpro_default_level":"","footnotes":""},"class_list":["post-26627","page","type-page","status-publish","hentry","pmpro-has-access"],"_links":{"self":[{"href":"https:\/\/360group.ai\/en\/wp-json\/wp\/v2\/pages\/26627","targetHints":{"allow":["GET"]}}],"collection":[{"href":"https:\/\/360group.ai\/en\/wp-json\/wp\/v2\/pages"}],"about":[{"href":"https:\/\/360group.ai\/en\/wp-json\/wp\/v2\/types\/page"}],"author":[{"embeddable":true,"href":"https:\/\/360group.ai\/en\/wp-json\/wp\/v2\/users\/1002330"}],"replies":[{"embeddable":true,"href":"https:\/\/360group.ai\/en\/wp-json\/wp\/v2\/comments?post=26627"}],"version-history":[{"count":8,"href":"https:\/\/360group.ai\/en\/wp-json\/wp\/v2\/pages\/26627\/revisions"}],"predecessor-version":[{"id":31612,"href":"https:\/\/360group.ai\/en\/wp-json\/wp\/v2\/pages\/26627\/revisions\/31612"}],"wp:attachment":[{"href":"https:\/\/360group.ai\/en\/wp-json\/wp\/v2\/media?parent=26627"}],"curies":[{"name":"wp","href":"https:\/\/api.w.org\/{rel}","templated":true}]}}